{"id":12,"date":"2017-08-01T12:13:18","date_gmt":"2017-08-01T12:13:18","guid":{"rendered":"https:\/\/cafecitoconcata.com\/contact\/"},"modified":"2026-03-26T17:46:52","modified_gmt":"2026-03-26T21:46:52","slug":"contactame","status":"publish","type":"page","link":"https:\/\/cafecitoconcata.com\/en\/contactame\/","title":{"rendered":"Cont\u00e1ctame"},"content":{"rendered":"<style>.elementor-12 .elementor-element.elementor-element-91b9f7a{--display:flex;--flex-direction:column;--container-widget-width:100%;--container-widget-height:initial;--container-widget-flex-grow:0;--container-widget-align-self:initial;--flex-wrap-mobile:wrap;--margin-top:0px;--margin-bottom:0px;--margin-left:0px;--margin-right:0px;--padding-top:50px;--padding-bottom:50px;--padding-left:0px;--padding-right:0px;}.elementor-12 .elementor-element.elementor-element-91b9f7a:not(.elementor-motion-effects-element-type-background), .elementor-12 .elementor-element.elementor-element-91b9f7a > .elementor-motion-effects-container > .elementor-motion-effects-layer{background-color:var( --e-global-color-f51a933 );}.elementor-12 .elementor-element.elementor-element-91b9f7a > .elementor-shape-bottom .elementor-shape-fill, .elementor-12 .elementor-element.elementor-element-91b9f7a > .e-con-inner > .elementor-shape-bottom .elementor-shape-fill{fill:#F3F6F3;}.elementor-12 .elementor-element.elementor-element-91b9f7a > .elementor-shape-bottom svg, .elementor-12 .elementor-element.elementor-element-91b9f7a > .e-con-inner > .elementor-shape-bottom svg{width:calc(100% + 1.3px);height:89px;}.elementor-12 .elementor-element.elementor-element-8372761{--display:flex;--gap:0px 0px;--row-gap:0px;--column-gap:0px;--margin-top:0px;--margin-bottom:0px;--margin-left:0px;--margin-right:0px;--padding-top:0px;--padding-bottom:0px;--padding-left:30px;--padding-right:30px;}.elementor-12 .elementor-element.elementor-element-e6891e0{text-align:center;}.elementor-12 .elementor-element.elementor-element-e6891e0 .elementor-heading-title{font-size:30px;font-weight:600;color:#FFFFFF;}.elementor-12 .elementor-element.elementor-element-e6891e0 > .elementor-widget-container{margin:0px 0px 10px 0px;padding:0px 0px 0px 0px;}.elementor-12 .elementor-element.elementor-element-fa1a8ff{text-align:center;}.elementor-12 .elementor-element.elementor-element-fa1a8ff .elementor-heading-title{font-size:50px;font-weight:800;color:var( --e-global-color-30b93e6 );}.elementor-12 .elementor-element.elementor-element-fa1a8ff > .elementor-widget-container{padding:5px 5px 5px 5px;background-color:var( --e-global-color-f51a933 );border-style:solid;border-width:4px 4px 4px 4px;border-color:var( --e-global-color-7fcf9ad );border-radius:15px 15px 15px 15px;}.elementor-12 .elementor-element.elementor-element-b01dfa2{--display:flex;--flex-direction:row;--container-widget-width:calc( ( 1 - var( --container-widget-flex-grow ) ) * 100% );--container-widget-height:100%;--container-widget-flex-grow:1;--container-widget-align-self:stretch;--flex-wrap-mobile:wrap;--align-items:stretch;--gap:0px 0px;--row-gap:0px;--column-gap:0px;--padding-top:30px;--padding-bottom:90px;--padding-left:0px;--padding-right:0px;}.elementor-12 .elementor-element.elementor-element-b01dfa2:not(.elementor-motion-effects-element-type-background), .elementor-12 .elementor-element.elementor-element-b01dfa2 > .elementor-motion-effects-container > .elementor-motion-effects-layer{background-color:var( --e-global-color-1b5fdf9 );}.elementor-12 .elementor-element.elementor-element-929a0a2{--display:flex;--justify-content:center;--gap:020px 0px;--row-gap:020px;--column-gap:0px;}.elementor-12 .elementor-element.elementor-element-929a0a2:not(.elementor-motion-effects-element-type-background), .elementor-12 .elementor-element.elementor-element-929a0a2 > .elementor-motion-effects-container > .elementor-motion-effects-layer{background-color:var( --e-global-color-f51a933 );}.elementor-12 .elementor-element.elementor-element-64ed488 .elementor-heading-title{font-size:20px;color:#FFFFFF;}.elementor-12 .elementor-element.elementor-element-64ed488 > .elementor-widget-container{margin:0px 0px 10px 0px;}.elementor-12 .elementor-element.elementor-element-e6446a2 .elementor-heading-title{font-size:45px;font-weight:800;font-style:normal;color:#FFFFFF;}.elementor-12 .elementor-element.elementor-element-e6446a2 > .elementor-widget-container{margin:0px 0px 0px 0px;padding:10px 10px 10px 10px;background-color:#FE7171;}.elementor-12 .elementor-element.elementor-element-e0e971a{--display:flex;--justify-content:center;border-style:none;--border-style:none;--margin-top:0px;--margin-bottom:0px;--margin-left:0px;--margin-right:0px;--padding-top:0px;--padding-bottom:0px;--padding-left:0px;--padding-right:0px;}.elementor-12 .elementor-element.elementor-element-e0e971a:not(.elementor-motion-effects-element-type-background), .elementor-12 .elementor-element.elementor-element-e0e971a > .elementor-motion-effects-container > .elementor-motion-effects-layer{background-color:#FFFFFF;}.elementor-12 .elementor-element.elementor-element-0d275c3 .elementor-icon-box-wrapper{align-items:start;gap:16px;}.elementor-12 .elementor-element.elementor-element-0d275c3 .elementor-icon-box-title{margin-block-end:0px;color:var( --e-global-color-text );}.elementor-12 .elementor-element.elementor-element-0d275c3.elementor-view-stacked .elementor-icon{background-color:var( --e-global-color-30b93e6 );}.elementor-12 .elementor-element.elementor-element-0d275c3.elementor-view-framed .elementor-icon, .elementor-12 .elementor-element.elementor-element-0d275c3.elementor-view-default .elementor-icon{fill:var( --e-global-color-30b93e6 );color:var( --e-global-color-30b93e6 );border-color:var( --e-global-color-30b93e6 );}.elementor-12 .elementor-element.elementor-element-0d275c3 .elementor-icon{font-size:24px;}.elementor-12 .elementor-element.elementor-element-0d275c3 > .elementor-widget-container{margin:0px 0px 0px 0px;padding:0px 30px 0px 30px;}.elementor-12 .elementor-element.elementor-element-cb56604 .elementor-icon-list-items:not(.elementor-inline-items) .elementor-icon-list-item:not(:last-child){padding-block-end:calc(4px\/2);}.elementor-12 .elementor-element.elementor-element-cb56604 .elementor-icon-list-items:not(.elementor-inline-items) .elementor-icon-list-item:not(:first-child){margin-block-start:calc(4px\/2);}.elementor-12 .elementor-element.elementor-element-cb56604 .elementor-icon-list-items.elementor-inline-items .elementor-icon-list-item{margin-inline:calc(4px\/2);}.elementor-12 .elementor-element.elementor-element-cb56604 .elementor-icon-list-items.elementor-inline-items{margin-inline:calc(-4px\/2);}.elementor-12 .elementor-element.elementor-element-cb56604 .elementor-icon-list-items.elementor-inline-items .elementor-icon-list-item:after{inset-inline-end:calc(-4px\/2);}.elementor-12 .elementor-element.elementor-element-cb56604 .elementor-icon-list-icon i{transition:color 0.3s;}.elementor-12 .elementor-element.elementor-element-cb56604 .elementor-icon-list-icon svg{transition:fill 0.3s;}.elementor-12 .elementor-element.elementor-element-cb56604{--e-icon-list-icon-size:14px;--icon-vertical-offset:0px;}.elementor-12 .elementor-element.elementor-element-cb56604 .elementor-icon-list-item > .elementor-icon-list-text, .elementor-12 .elementor-element.elementor-element-cb56604 .elementor-icon-list-item > a{font-family:\"Montserrat\", Sans-serif;font-weight:600;}.elementor-12 .elementor-element.elementor-element-cb56604 .elementor-icon-list-text{color:var( --e-global-color-f51a933 );transition:color 0.3s;}.elementor-12 .elementor-element.elementor-element-cb56604 > .elementor-widget-container{margin:-8px 0px 24px 12px;padding:0px 30px 0px 30px;border-style:solid;border-width:0px 0px 0px 1px;}.elementor-12 .elementor-element.elementor-element-14f3687 .elementor-icon-box-wrapper{align-items:start;gap:16px;}.elementor-12 .elementor-element.elementor-element-14f3687 .elementor-icon-box-title{margin-block-end:0px;color:var( --e-global-color-text );}.elementor-12 .elementor-element.elementor-element-14f3687.elementor-view-stacked .elementor-icon{background-color:var( --e-global-color-primary );}.elementor-12 .elementor-element.elementor-element-14f3687.elementor-view-framed .elementor-icon, .elementor-12 .elementor-element.elementor-element-14f3687.elementor-view-default .elementor-icon{fill:var( --e-global-color-primary );color:var( --e-global-color-primary );border-color:var( --e-global-color-primary );}.elementor-12 .elementor-element.elementor-element-14f3687 .elementor-icon{font-size:24px;}.elementor-12 .elementor-element.elementor-element-14f3687 > .elementor-widget-container{margin:0px 0px 0px 0px;padding:0px 30px 0px 30px;}.elementor-12 .elementor-element.elementor-element-82f7b80{--grid-template-columns:repeat(0, auto);--icon-size:22px;--grid-column-gap:15px;--grid-row-gap:0px;}.elementor-12 .elementor-element.elementor-element-82f7b80 .elementor-widget-container{text-align:left;}.elementor-12 .elementor-element.elementor-element-82f7b80 .elementor-social-icon{background-color:var( --e-global-color-f51a933 );border-style:solid;border-width:1px 1px 1px 1px;}.elementor-12 .elementor-element.elementor-element-82f7b80 > .elementor-widget-container{margin:0px 0px 0px 12px;padding:0px 30px 20px 015px;}body.elementor-page-12:not(.elementor-motion-effects-element-type-background), body.elementor-page-12 > .elementor-motion-effects-container > .elementor-motion-effects-layer{background-color:#ffffff;}@media(min-width:768px){.elementor-12 .elementor-element.elementor-element-91b9f7a{--content-width:650px;}.elementor-12 .elementor-element.elementor-element-8372761{--content-width:650px;}.elementor-12 .elementor-element.elementor-element-b01dfa2{--content-width:950px;}.elementor-12 .elementor-element.elementor-element-929a0a2{--width:50%;}.elementor-12 .elementor-element.elementor-element-e0e971a{--width:50.077%;}}@media(max-width:1024px) and (min-width:768px){.elementor-12 .elementor-element.elementor-element-929a0a2{--width:50%;}.elementor-12 .elementor-element.elementor-element-e0e971a{--width:50%;}}@media(max-width:1024px){.elementor-12 .elementor-element.elementor-element-b01dfa2{--padding-top:80px;--padding-bottom:64px;--padding-left:0px;--padding-right:0px;}.elementor-12 .elementor-element.elementor-element-929a0a2{--margin-top:0px;--margin-bottom:0px;--margin-left:0px;--margin-right:0px;--padding-top:0px;--padding-bottom:0px;--padding-left:24px;--padding-right:40px;}.elementor-12 .elementor-element.elementor-element-e0e971a{--margin-top:0px;--margin-bottom:0px;--margin-left:0px;--margin-right:0px;--padding-top:0px;--padding-bottom:0px;--padding-left:40px;--padding-right:24px;}}@media(max-width:767px){.elementor-12 .elementor-element.elementor-element-91b9f7a > .elementor-shape-bottom svg, .elementor-12 .elementor-element.elementor-element-91b9f7a > .e-con-inner > .elementor-shape-bottom svg{height:32px;}.elementor-12 .elementor-element.elementor-element-91b9f7a{--padding-top:50px;--padding-bottom:0px;--padding-left:30px;--padding-right:30px;}.elementor-12 .elementor-element.elementor-element-e6891e0{text-align:center;}.elementor-12 .elementor-element.elementor-element-e6891e0 .elementor-heading-title{font-size:22px;line-height:1.2em;}.elementor-12 .elementor-element.elementor-element-fa1a8ff{text-align:center;}.elementor-12 .elementor-element.elementor-element-fa1a8ff .elementor-heading-title{font-size:27px;line-height:1.2em;}.elementor-12 .elementor-element.elementor-element-fa1a8ff > .elementor-widget-container{border-width:2px 2px 2px 2px;}.elementor-12 .elementor-element.elementor-element-b01dfa2{--padding-top:64px;--padding-bottom:48px;--padding-left:0px;--padding-right:0px;}.elementor-12 .elementor-element.elementor-element-929a0a2{--margin-top:0px;--margin-bottom:0px;--margin-left:0px;--margin-right:0px;--padding-top:32px;--padding-bottom:0px;--padding-left:24px;--padding-right:24px;}.elementor-12 .elementor-element.elementor-element-e0e971a{--margin-top:0px;--margin-bottom:0px;--margin-left:0px;--margin-right:0px;--padding-top:0px;--padding-bottom:32px;--padding-left:24px;--padding-right:32px;}.elementor-12 .elementor-element.elementor-element-0d275c3 .elementor-icon-box-wrapper{text-align:start;}.elementor-12 .elementor-element.elementor-element-14f3687 .elementor-icon-box-wrapper{text-align:start;}.elementor-12 .elementor-element.elementor-element-82f7b80 > .elementor-widget-container{margin:0px 0px 0px 0px;padding:0px 0px 0px 0px;}}<\/style>\t\t<div data-elementor-type=\"wp-post\" data-elementor-id=\"12\" class=\"elementor elementor-12\" data-elementor-post-type=\"page\">\n\t\t\t\t<div class=\"elementor-element elementor-element-91b9f7a e-flex e-con-boxed e-con e-parent\" data-id=\"91b9f7a\" data-element_type=\"container\" data-e-type=\"container\" data-settings=\"{&quot;background_background&quot;:&quot;classic&quot;,&quot;shape_divider_bottom&quot;:&quot;curve&quot;}\">\n\t\t\t\t\t<div class=\"e-con-inner\">\n\t\t\t\t<div class=\"elementor-shape elementor-shape-bottom\" aria-hidden=\"true\" data-negative=\"false\">\n\t\t\t<svg xmlns=\"http:\/\/www.w3.org\/2000\/svg\" viewbox=\"0 0 1000 100\" preserveaspectratio=\"none\">\n    <path class=\"elementor-shape-fill\" d=\"M1000,4.3V0H0v4.3C0.9,23.1,126.7,99.2,500,100S1000,22.7,1000,4.3z\"\/>\n<\/svg>\t\t<\/div>\n\t\t<div class=\"elementor-element elementor-element-8372761 e-flex e-con-boxed e-con e-child\" data-id=\"8372761\" data-element_type=\"container\" data-e-type=\"container\">\n\t\t\t\t\t<div class=\"e-con-inner\">\n\t\t\t\t<div class=\"elementor-element elementor-element-e6891e0 elementor-widget elementor-widget-heading\" data-id=\"e6891e0\" data-element_type=\"widget\" data-e-type=\"widget\" data-widget_type=\"heading.default\">\n\t\t\t\t<div class=\"elementor-widget-container\">\n\t\t\t\t\t<h2 class=\"elementor-heading-title elementor-size-default\">Para saber c\u00f3mo puedo apoyarte en tu proceso\n<\/h2>\t\t\t\t<\/div>\n\t\t\t\t<\/div>\n\t\t\t\t<div class=\"elementor-element elementor-element-fa1a8ff elementor-widget elementor-widget-heading\" data-id=\"fa1a8ff\" data-element_type=\"widget\" data-e-type=\"widget\" data-widget_type=\"heading.default\">\n\t\t\t\t<div class=\"elementor-widget-container\">\n\t\t\t\t\t<h1 class=\"elementor-heading-title elementor-size-default\">Cont\u00e1ctanos<\/h1>\t\t\t\t<\/div>\n\t\t\t\t<\/div>\n\t\t\t\t\t<\/div>\n\t\t\t\t<\/div>\n\t\t\t\t\t<\/div>\n\t\t\t\t<\/div>\n\t\t<div class=\"elementor-element elementor-element-b01dfa2 e-flex e-con-boxed e-con e-parent\" data-id=\"b01dfa2\" data-element_type=\"container\" data-e-type=\"container\" data-settings=\"{&quot;background_background&quot;:&quot;classic&quot;}\">\n\t\t\t\t\t<div class=\"e-con-inner\">\n\t\t<div class=\"elementor-element elementor-element-929a0a2 e-con-full e-flex e-con e-child\" data-id=\"929a0a2\" data-element_type=\"container\" data-e-type=\"container\" data-settings=\"{&quot;background_background&quot;:&quot;classic&quot;}\">\n\t\t\t\t<div class=\"elementor-element elementor-element-64ed488 elementor-widget elementor-widget-heading\" data-id=\"64ed488\" data-element_type=\"widget\" data-e-type=\"widget\" data-widget_type=\"heading.default\">\n\t\t\t\t<div class=\"elementor-widget-container\">\n\t\t\t\t\t<h2 class=\"elementor-heading-title elementor-size-default\">Cont\u00e1ctame hoy para que comiences Tu sue\u00f1o de Vivir y Emprender<\/h2>\t\t\t\t<\/div>\n\t\t\t\t<\/div>\n\t\t\t\t<div class=\"elementor-element elementor-element-e6446a2 elementor-widget elementor-widget-heading\" data-id=\"e6446a2\" data-element_type=\"widget\" data-e-type=\"widget\" data-widget_type=\"heading.default\">\n\t\t\t\t<div class=\"elementor-widget-container\">\n\t\t\t\t\t<h2 class=\"elementor-heading-title elementor-size-default\">Estados Unidos<\/h2>\t\t\t\t<\/div>\n\t\t\t\t<\/div>\n\t\t\t\t<div class=\"elementor-element elementor-element-d2622b3 elementor-widget elementor-widget-html\" data-id=\"d2622b3\" data-element_type=\"widget\" data-e-type=\"widget\" data-widget_type=\"html.default\">\n\t\t\t\t<div class=\"elementor-widget-container\">\n\t\t\t\t\t<script type=\"text\/javascript\" src=\"https:\/\/api.clientify.net\/web-marketing\/superforms\/script\/199834.js\"><\/script>\t\t\t\t<\/div>\n\t\t\t\t<\/div>\n\t\t\t\t<\/div>\n\t\t<div class=\"elementor-element elementor-element-e0e971a e-con-full e-flex e-con e-child\" data-id=\"e0e971a\" data-element_type=\"container\" data-e-type=\"container\" data-settings=\"{&quot;background_background&quot;:&quot;classic&quot;}\">\n\t\t\t\t<div class=\"elementor-element elementor-element-f3a5098 elementor-widget elementor-widget-image\" data-id=\"f3a5098\" data-element_type=\"widget\" data-e-type=\"widget\" data-widget_type=\"image.default\">\n\t\t\t\t<div class=\"elementor-widget-container\">\n\t\t\t\t\t\t\t\t\t\t\t\t\t\t\t<img fetchpriority=\"high\" decoding=\"async\" width=\"800\" height=\"800\" src=\"https:\/\/cafecitoconcata.com\/wp-content\/uploads\/2023\/12\/Cafecito-Banner-Web-Celular2.webp\" class=\"attachment-large size-large wp-image-15656\" alt=\"Cafecito banner principal celular 2\" srcset=\"https:\/\/cafecitoconcata.com\/wp-content\/uploads\/2023\/12\/Cafecito-Banner-Web-Celular2.webp 800w, https:\/\/cafecitoconcata.com\/wp-content\/uploads\/2023\/12\/Cafecito-Banner-Web-Celular2-300x300.webp 300w, https:\/\/cafecitoconcata.com\/wp-content\/uploads\/2023\/12\/Cafecito-Banner-Web-Celular2-150x150.webp 150w, https:\/\/cafecitoconcata.com\/wp-content\/uploads\/2023\/12\/Cafecito-Banner-Web-Celular2-768x768.webp 768w\" sizes=\"(max-width: 800px) 100vw, 800px\" \/>\t\t\t\t\t\t\t\t\t\t\t\t\t\t\t<\/div>\n\t\t\t\t<\/div>\n\t\t\t\t<div class=\"elementor-element elementor-element-0d275c3 elementor-position-inline-start elementor-view-default elementor-mobile-position-block-start elementor-widget elementor-widget-icon-box\" data-id=\"0d275c3\" data-element_type=\"widget\" data-e-type=\"widget\" data-widget_type=\"icon-box.default\">\n\t\t\t\t<div class=\"elementor-widget-container\">\n\t\t\t\t\t\t\t<div class=\"elementor-icon-box-wrapper\">\n\n\t\t\t\t\t\t<div class=\"elementor-icon-box-icon\">\n\t\t\t\t<span  class=\"elementor-icon\">\n\t\t\t\t<i aria-hidden=\"true\" class=\"far fa-address-book\"><\/i>\t\t\t\t<\/span>\n\t\t\t<\/div>\n\t\t\t\n\t\t\t\t\t\t<div class=\"elementor-icon-box-content\">\n\n\t\t\t\t\t\t\t\t\t<h4 class=\"elementor-icon-box-title\">\n\t\t\t\t\t\t<span  >\n\t\t\t\t\t\t\tHablemos\t\t\t\t\t\t<\/span>\n\t\t\t\t\t<\/h4>\n\t\t\t\t\n\t\t\t\t\n\t\t\t<\/div>\n\t\t\t\n\t\t<\/div>\n\t\t\t\t\t\t<\/div>\n\t\t\t\t<\/div>\n\t\t\t\t<div class=\"elementor-element elementor-element-cb56604 elementor-icon-list--layout-traditional elementor-list-item-link-full_width elementor-widget elementor-widget-icon-list\" data-id=\"cb56604\" data-element_type=\"widget\" data-e-type=\"widget\" data-widget_type=\"icon-list.default\">\n\t\t\t\t<div class=\"elementor-widget-container\">\n\t\t\t\t\t\t\t<ul class=\"elementor-icon-list-items\">\n\t\t\t\t\t\t\t<li class=\"elementor-icon-list-item\">\n\t\t\t\t\t\t\t\t\t\t\t<a href=\"https:\/\/api.whatsapp.com\/send?phone=+18633994039&#038;text=Hola,%20vengo%20de%20la%20p%C3%A1gina%20web%20y%20quiero%20m%C3%A1s%20informaci%C3%B3n\" target=\"_blank\" rel=\"noopener\">\n\n\t\t\t\t\t\t\t\t\t\t\t<span class=\"elementor-icon-list-text\">WhatsApp: +1 (863) 399-4039<\/span>\n\t\t\t\t\t\t\t\t\t\t\t<\/a>\n\t\t\t\t\t\t\t\t\t<\/li>\n\t\t\t\t\t\t\t\t<li class=\"elementor-icon-list-item\">\n\t\t\t\t\t\t\t\t\t\t<span class=\"elementor-icon-list-text\">Email : info@cafecitoconcata.com<\/span>\n\t\t\t\t\t\t\t\t\t<\/li>\n\t\t\t\t\t\t<\/ul>\n\t\t\t\t\t\t<\/div>\n\t\t\t\t<\/div>\n\t\t\t\t<div class=\"elementor-element elementor-element-14f3687 elementor-position-inline-start elementor-view-default elementor-mobile-position-block-start elementor-widget elementor-widget-icon-box\" data-id=\"14f3687\" data-element_type=\"widget\" data-e-type=\"widget\" data-widget_type=\"icon-box.default\">\n\t\t\t\t<div class=\"elementor-widget-container\">\n\t\t\t\t\t\t\t<div class=\"elementor-icon-box-wrapper\">\n\n\t\t\t\t\t\t<div class=\"elementor-icon-box-icon\">\n\t\t\t\t<span  class=\"elementor-icon\">\n\t\t\t\t<i aria-hidden=\"true\" class=\"far fa-handshake\"><\/i>\t\t\t\t<\/span>\n\t\t\t<\/div>\n\t\t\t\n\t\t\t\t\t\t<div class=\"elementor-icon-box-content\">\n\n\t\t\t\t\t\t\t\t\t<h4 class=\"elementor-icon-box-title\">\n\t\t\t\t\t\t<span  >\n\t\t\t\t\t\t\tS\u00edguenos en\t\t\t\t\t\t<\/span>\n\t\t\t\t\t<\/h4>\n\t\t\t\t\n\t\t\t\t\n\t\t\t<\/div>\n\t\t\t\n\t\t<\/div>\n\t\t\t\t\t\t<\/div>\n\t\t\t\t<\/div>\n\t\t\t\t<div class=\"elementor-element elementor-element-82f7b80 elementor-shape-square e-grid-align-left elementor-grid-0 elementor-widget elementor-widget-social-icons\" data-id=\"82f7b80\" data-element_type=\"widget\" data-e-type=\"widget\" data-widget_type=\"social-icons.default\">\n\t\t\t\t<div class=\"elementor-widget-container\">\n\t\t\t\t\t\t\t<div class=\"elementor-social-icons-wrapper elementor-grid\" role=\"list\">\n\t\t\t\t\t\t\t<span class=\"elementor-grid-item\" role=\"listitem\">\n\t\t\t\t\t<a class=\"elementor-icon elementor-social-icon elementor-social-icon-instagram elementor-repeater-item-7j26bma\" href=\"https:\/\/www.instagram.com\/cafecitoconcata\/\" target=\"_blank\" rel=\"noopener\">\n\t\t\t\t\t\t<span class=\"elementor-screen-only\">Instagram<\/span>\n\t\t\t\t\t\t<i aria-hidden=\"true\" class=\"fab fa-instagram\"><\/i>\t\t\t\t\t<\/a>\n\t\t\t\t<\/span>\n\t\t\t\t\t\t\t<span class=\"elementor-grid-item\" role=\"listitem\">\n\t\t\t\t\t<a class=\"elementor-icon elementor-social-icon elementor-social-icon-facebook-f elementor-repeater-item-vun9gup\" href=\"https:\/\/www.facebook.com\/cafecitoconcata\/\" target=\"_blank\" rel=\"noopener\">\n\t\t\t\t\t\t<span class=\"elementor-screen-only\">Facebook-f<\/span>\n\t\t\t\t\t\t<i aria-hidden=\"true\" class=\"fab fa-facebook-f\"><\/i>\t\t\t\t\t<\/a>\n\t\t\t\t<\/span>\n\t\t\t\t\t\t\t<span class=\"elementor-grid-item\" role=\"listitem\">\n\t\t\t\t\t<a class=\"elementor-icon elementor-social-icon elementor-social-icon-youtube elementor-repeater-item-7zunjs5\" href=\"https:\/\/www.youtube.com\/channel\/UCDvifVlxD1WKUbJjIMhSgPQ\/videos\" target=\"_blank\" rel=\"noopener\">\n\t\t\t\t\t\t<span class=\"elementor-screen-only\">Youtube<\/span>\n\t\t\t\t\t\t<i aria-hidden=\"true\" class=\"fab fa-youtube\"><\/i>\t\t\t\t\t<\/a>\n\t\t\t\t<\/span>\n\t\t\t\t\t<\/div>\n\t\t\t\t\t\t<\/div>\n\t\t\t\t<\/div>\n\t\t\t\t<\/div>\n\t\t\t\t\t<\/div>\n\t\t\t\t<\/div>\n\t\t\t\t<\/div>","protected":false},"excerpt":{"rendered":"<p>Para saber c\u00f3mo puedo apoyarte en tu proceso Cont\u00e1ctanos Cont\u00e1ctame hoy para que comiences Tu sue\u00f1o de Vivir y Emprender Estados Unidos Hablemos WhatsApp: +1 (863) 399-4039 Email : info@cafecitoconcata.com S\u00edguenos en Instagram Facebook-f Youtube<\/p>","protected":false},"author":1,"featured_media":0,"parent":0,"menu_order":0,"comment_status":"closed","ping_status":"closed","template":"elementor_header_footer","meta":{"footnotes":""},"wf_page_folders":[],"class_list":["post-12","page","type-page","status-publish","hentry"],"_links":{"self":[{"href":"https:\/\/cafecitoconcata.com\/en\/wp-json\/wp\/v2\/pages\/12","targetHints":{"allow":["GET"]}}],"collection":[{"href":"https:\/\/cafecitoconcata.com\/en\/wp-json\/wp\/v2\/pages"}],"about":[{"href":"https:\/\/cafecitoconcata.com\/en\/wp-json\/wp\/v2\/types\/page"}],"author":[{"embeddable":true,"href":"https:\/\/cafecitoconcata.com\/en\/wp-json\/wp\/v2\/users\/1"}],"replies":[{"embeddable":true,"href":"https:\/\/cafecitoconcata.com\/en\/wp-json\/wp\/v2\/comments?post=12"}],"version-history":[{"count":166,"href":"https:\/\/cafecitoconcata.com\/en\/wp-json\/wp\/v2\/pages\/12\/revisions"}],"predecessor-version":[{"id":32279,"href":"https:\/\/cafecitoconcata.com\/en\/wp-json\/wp\/v2\/pages\/12\/revisions\/32279"}],"wp:attachment":[{"href":"https:\/\/cafecitoconcata.com\/en\/wp-json\/wp\/v2\/media?parent=12"}],"wp:term":[{"taxonomy":"wf_page_folders","embeddable":true,"href":"https:\/\/cafecitoconcata.com\/en\/wp-json\/wp\/v2\/wf_page_folders?post=12"}],"curies":[{"name":"wp","href":"https:\/\/api.w.org\/{rel}","templated":true}]}}