{"id":14192,"date":"2023-09-13T10:58:53","date_gmt":"2023-09-13T14:58:53","guid":{"rendered":"https:\/\/cafecitoconcata.com\/?page_id=14192"},"modified":"2024-10-29T07:33:13","modified_gmt":"2024-10-29T11:33:13","slug":"preguntas-frecuentes","status":"publish","type":"page","link":"https:\/\/cafecitoconcata.com\/en\/preguntas-frecuentes\/","title":{"rendered":"Preguntas Frecuentes"},"content":{"rendered":"<style>.elementor-14192 .elementor-element.elementor-element-bd1683e > .elementor-container{max-width:650px;}.elementor-14192 .elementor-element.elementor-element-bd1683e:not(.elementor-motion-effects-element-type-background), .elementor-14192 .elementor-element.elementor-element-bd1683e > .elementor-motion-effects-container > .elementor-motion-effects-layer{background-color:var( --e-global-color-f51a933 );}.elementor-14192 .elementor-element.elementor-element-bd1683e{transition:background 0.3s, border 0.3s, border-radius 0.3s, box-shadow 0.3s;margin-top:0px;margin-bottom:0px;padding:50px 0px 50px 0px;}.elementor-14192 .elementor-element.elementor-element-bd1683e > .elementor-background-overlay{transition:background 0.3s, border-radius 0.3s, opacity 0.3s;}.elementor-14192 .elementor-element.elementor-element-bd1683e > .elementor-shape-bottom .elementor-shape-fill{fill:#F3F6F3;}.elementor-14192 .elementor-element.elementor-element-bd1683e > .elementor-shape-bottom svg{width:calc(100% + 1.3px);height:89px;}.elementor-bc-flex-widget .elementor-14192 .elementor-element.elementor-element-344349f.elementor-column .elementor-widget-wrap{align-items:center;}.elementor-14192 .elementor-element.elementor-element-344349f.elementor-column.elementor-element[data-element_type=\"column\"] > .elementor-widget-wrap.elementor-element-populated{align-content:center;align-items:center;}.elementor-14192 .elementor-element.elementor-element-344349f.elementor-column > .elementor-widget-wrap{justify-content:center;}.elementor-14192 .elementor-element.elementor-element-344349f > .elementor-widget-wrap > .elementor-widget:not(.elementor-widget__width-auto):not(.elementor-widget__width-initial):not(:last-child):not(.elementor-absolute){margin-block-end:0px;}.elementor-14192 .elementor-element.elementor-element-344349f > .elementor-element-populated{padding:0px 30px 0px 30px;}.elementor-14192 .elementor-element.elementor-element-4e9bf3a{text-align:center;}.elementor-14192 .elementor-element.elementor-element-4e9bf3a .elementor-heading-title{font-size:30px;font-weight:600;color:#FFFFFF;}.elementor-14192 .elementor-element.elementor-element-4e9bf3a > .elementor-widget-container{margin:0px 0px 10px 0px;padding:0px 0px 0px 0px;}.elementor-14192 .elementor-element.elementor-element-b294e19{text-align:center;}.elementor-14192 .elementor-element.elementor-element-b294e19 .elementor-heading-title{font-size:50px;font-weight:800;color:var( --e-global-color-30b93e6 );}.elementor-14192 .elementor-element.elementor-element-b294e19 > .elementor-widget-container{padding:5px 5px 5px 5px;background-color:var( --e-global-color-f51a933 );border-style:solid;border-width:4px 4px 4px 4px;border-color:var( --e-global-color-7fcf9ad );border-radius:15px 15px 15px 15px;}.elementor-14192 .elementor-element.elementor-element-7502b36{--display:flex;--flex-direction:row;--container-widget-width:calc( ( 1 - var( --container-widget-flex-grow ) ) * 100% );--container-widget-height:100%;--container-widget-flex-grow:1;--container-widget-align-self:stretch;--flex-wrap-mobile:wrap;--align-items:stretch;--gap:10px 10px;--row-gap:10px;--column-gap:10px;--margin-top:20px;--margin-bottom:60px;--margin-left:0px;--margin-right:0px;}.elementor-14192 .elementor-element.elementor-element-af63c7b{--display:flex;}.elementor-14192 .elementor-element.elementor-element-af63c7b:not(.elementor-motion-effects-element-type-background), .elementor-14192 .elementor-element.elementor-element-af63c7b > .elementor-motion-effects-container > .elementor-motion-effects-layer{background-color:var( --e-global-color-78930f9 );}.elementor-14192 .elementor-element.elementor-element-907d389 .elementor-tab-title{background-color:var( --e-global-color-f51a933 );}.elementor-14192 .elementor-element.elementor-element-907d389 .elementor-accordion-icon, .elementor-14192 .elementor-element.elementor-element-907d389 .elementor-accordion-title{color:var( --e-global-color-7fcf9ad );}.elementor-14192 .elementor-element.elementor-element-907d389 .elementor-accordion-icon svg{fill:var( --e-global-color-7fcf9ad );}.elementor-14192 .elementor-element.elementor-element-907d389 .elementor-active .elementor-accordion-icon, .elementor-14192 .elementor-element.elementor-element-907d389 .elementor-active .elementor-accordion-title{color:var( --e-global-color-30b93e6 );}.elementor-14192 .elementor-element.elementor-element-907d389 .elementor-active .elementor-accordion-icon svg{fill:var( --e-global-color-30b93e6 );}.elementor-14192 .elementor-element.elementor-element-907d389 .elementor-accordion-title{font-weight:800;line-height:25px;}.elementor-14192 .elementor-element.elementor-element-907d389 .elementor-tab-content{color:var( --e-global-color-f51a933 );}@media(min-width:768px){.elementor-14192 .elementor-element.elementor-element-7502b36{--content-width:800px;}}@media(max-width:767px){.elementor-14192 .elementor-element.elementor-element-bd1683e > .elementor-shape-bottom svg{height:32px;}.elementor-14192 .elementor-element.elementor-element-bd1683e{padding:50px 30px 0px 30px;}.elementor-14192 .elementor-element.elementor-element-344349f > .elementor-element-populated{padding:0px 0px 0px 0px;}.elementor-14192 .elementor-element.elementor-element-4e9bf3a{text-align:center;}.elementor-14192 .elementor-element.elementor-element-4e9bf3a .elementor-heading-title{font-size:22px;line-height:1.2em;}.elementor-14192 .elementor-element.elementor-element-b294e19{text-align:center;}.elementor-14192 .elementor-element.elementor-element-b294e19 .elementor-heading-title{font-size:27px;line-height:1.2em;}.elementor-14192 .elementor-element.elementor-element-b294e19 > .elementor-widget-container{border-width:2px 2px 2px 2px;}}<\/style>\t\t<div data-elementor-type=\"wp-page\" data-elementor-id=\"14192\" class=\"elementor elementor-14192\" data-elementor-post-type=\"page\">\n\t\t\t\t\t\t<section class=\"elementor-section elementor-top-section elementor-element elementor-element-bd1683e elementor-section-boxed elementor-section-height-default elementor-section-height-default\" data-id=\"bd1683e\" data-element_type=\"section\" data-e-type=\"section\" data-settings=\"{&quot;background_background&quot;:&quot;classic&quot;,&quot;shape_divider_bottom&quot;:&quot;curve&quot;}\">\n\t\t\t\t\t<div class=\"elementor-shape elementor-shape-bottom\" aria-hidden=\"true\" data-negative=\"false\">\n\t\t\t<svg xmlns=\"http:\/\/www.w3.org\/2000\/svg\" viewBox=\"0 0 1000 100\" preserveAspectRatio=\"none\">\n    <path class=\"elementor-shape-fill\" d=\"M1000,4.3V0H0v4.3C0.9,23.1,126.7,99.2,500,100S1000,22.7,1000,4.3z\"\/>\n<\/svg>\t\t<\/div>\n\t\t\t\t\t<div class=\"elementor-container elementor-column-gap-wider\">\n\t\t\t\t\t<div class=\"elementor-column elementor-col-100 elementor-top-column elementor-element elementor-element-344349f\" data-id=\"344349f\" data-element_type=\"column\" data-e-type=\"column\">\n\t\t\t<div class=\"elementor-widget-wrap elementor-element-populated\">\n\t\t\t\t\t\t<div class=\"elementor-element elementor-element-4e9bf3a elementor-widget elementor-widget-heading\" data-id=\"4e9bf3a\" data-element_type=\"widget\" data-e-type=\"widget\" data-widget_type=\"heading.default\">\n\t\t\t\t<div class=\"elementor-widget-container\">\n\t\t\t\t\t<h2 class=\"elementor-heading-title elementor-size-default\">Preguntas<\/h2>\t\t\t\t<\/div>\n\t\t\t\t<\/div>\n\t\t\t\t<div class=\"elementor-element elementor-element-b294e19 elementor-widget elementor-widget-heading\" data-id=\"b294e19\" data-element_type=\"widget\" data-e-type=\"widget\" data-widget_type=\"heading.default\">\n\t\t\t\t<div class=\"elementor-widget-container\">\n\t\t\t\t\t<h2 class=\"elementor-heading-title elementor-size-default\">Frecuentes<\/h2>\t\t\t\t<\/div>\n\t\t\t\t<\/div>\n\t\t\t\t\t<\/div>\n\t\t<\/div>\n\t\t\t\t\t<\/div>\n\t\t<\/section>\n\t\t<div class=\"elementor-element elementor-element-7502b36 e-flex e-con-boxed e-con e-parent\" data-id=\"7502b36\" data-element_type=\"container\" data-e-type=\"container\">\n\t\t\t\t\t<div class=\"e-con-inner\">\n\t\t<div class=\"elementor-element elementor-element-af63c7b e-con-full e-flex e-con e-child\" data-id=\"af63c7b\" data-element_type=\"container\" data-e-type=\"container\" data-settings=\"{&quot;background_background&quot;:&quot;classic&quot;}\">\n\t\t\t\t<div class=\"elementor-element elementor-element-907d389 elementor-widget elementor-widget-accordion\" data-id=\"907d389\" data-element_type=\"widget\" data-e-type=\"widget\" data-widget_type=\"accordion.default\">\n\t\t\t\t<div class=\"elementor-widget-container\">\n\t\t\t\t\t\t\t<div class=\"elementor-accordion\">\n\t\t\t\t\t\t\t<div class=\"elementor-accordion-item\">\n\t\t\t\t\t<div id=\"elementor-tab-title-1511\" class=\"elementor-tab-title\" data-tab=\"1\" role=\"button\" aria-controls=\"elementor-tab-content-1511\" aria-expanded=\"false\">\n\t\t\t\t\t\t\t\t\t\t\t\t\t<span class=\"elementor-accordion-icon elementor-accordion-icon-left\" aria-hidden=\"true\">\n\t\t\t\t\t\t\t\t\t\t\t\t\t\t\t<span class=\"elementor-accordion-icon-closed\"><i class=\"fas fa-plus\"><\/i><\/span>\n\t\t\t\t\t\t\t\t<span class=\"elementor-accordion-icon-opened\"><i class=\"fas fa-minus\"><\/i><\/span>\n\t\t\t\t\t\t\t\t\t\t\t\t\t\t<\/span>\n\t\t\t\t\t\t\t\t\t\t\t\t<a class=\"elementor-accordion-title\" tabindex=\"0\">1.\u00bfLa Mentor\u00eda con Cata incluye la cita con el Abogado de Migraci\u00f3n?<\/a>\n\t\t\t\t\t<\/div>\n\t\t\t\t\t<div id=\"elementor-tab-content-1511\" class=\"elementor-tab-content elementor-clearfix\" data-tab=\"1\" role=\"region\" aria-labelledby=\"elementor-tab-title-1511\"><p>La mentor\u00eda de reubicaci\u00f3n con Cata es una sesi\u00f3n personalizada dise\u00f1ada para brindarte el apoyo y la orientaci\u00f3n necesaria en tus primeros pasos hacia la realizaci\u00f3n de tu proyecto de vida, desarrollo profesional, implementaci\u00f3n de tu emprendimiento o plan de inversi\u00f3n en los EEUU.<br \/>La Mentor\u00eda ser\u00e1 un paso importante de preparaci\u00f3n para tu cita con el abogado de migraci\u00f3n y no est\u00e1 incluida en el valor que pagas por la Mentor\u00eda de Cata, pero tendr\u00e1s acceso al Directorio de Aliados que te incluye beneficios y descuentos con nuestros abogados de migraci\u00f3n y otros Aliados que puedan ayudarte en tu proceso.<\/p><\/div>\n\t\t\t\t<\/div>\n\t\t\t\t\t\t\t<div class=\"elementor-accordion-item\">\n\t\t\t\t\t<div id=\"elementor-tab-title-1512\" class=\"elementor-tab-title\" data-tab=\"2\" role=\"button\" aria-controls=\"elementor-tab-content-1512\" aria-expanded=\"false\">\n\t\t\t\t\t\t\t\t\t\t\t\t\t<span class=\"elementor-accordion-icon elementor-accordion-icon-left\" aria-hidden=\"true\">\n\t\t\t\t\t\t\t\t\t\t\t\t\t\t\t<span class=\"elementor-accordion-icon-closed\"><i class=\"fas fa-plus\"><\/i><\/span>\n\t\t\t\t\t\t\t\t<span class=\"elementor-accordion-icon-opened\"><i class=\"fas fa-minus\"><\/i><\/span>\n\t\t\t\t\t\t\t\t\t\t\t\t\t\t<\/span>\n\t\t\t\t\t\t\t\t\t\t\t\t<a class=\"elementor-accordion-title\" tabindex=\"0\">2. \u00bfPueden ofrecerme consultor\u00eda gratis?<\/a>\n\t\t\t\t\t<\/div>\n\t\t\t\t\t<div id=\"elementor-tab-content-1512\" class=\"elementor-tab-content elementor-clearfix\" data-tab=\"2\" role=\"region\" aria-labelledby=\"elementor-tab-title-1512\"><p>En nuestras redes sociales tenemos much\u00edsimo contenido gratuito y de valor. Te invitamos a consumirlo y a seguirnos para estar actualizado ya que producimos con todo el esfuerzo y amor. Siguenos en Instagram y Facebook: @cafecitoconcata y en nuestro canel de YouTube: Cafecito con Cata<br \/>Los paquetes de acompa\u00f1amiento y mentor\u00edas tienen costo y te invitamos a que revises todo el valor que entregamos en ellos.<\/p><p><br \/>Chequea todos nuestros servicios aqu\u00ed para que puedas escoger el que se adapte a tu necesidad. \ud83d\udc49 <a href=\"https:\/\/cafecitoconcata.com\/servicios\/\">https:\/\/cafecitoconcata.com\/servicios\/<\/a><\/p><\/div>\n\t\t\t\t<\/div>\n\t\t\t\t\t\t\t<div class=\"elementor-accordion-item\">\n\t\t\t\t\t<div id=\"elementor-tab-title-1513\" class=\"elementor-tab-title\" data-tab=\"3\" role=\"button\" aria-controls=\"elementor-tab-content-1513\" aria-expanded=\"false\">\n\t\t\t\t\t\t\t\t\t\t\t\t\t<span class=\"elementor-accordion-icon elementor-accordion-icon-left\" aria-hidden=\"true\">\n\t\t\t\t\t\t\t\t\t\t\t\t\t\t\t<span class=\"elementor-accordion-icon-closed\"><i class=\"fas fa-plus\"><\/i><\/span>\n\t\t\t\t\t\t\t\t<span class=\"elementor-accordion-icon-opened\"><i class=\"fas fa-minus\"><\/i><\/span>\n\t\t\t\t\t\t\t\t\t\t\t\t\t\t<\/span>\n\t\t\t\t\t\t\t\t\t\t\t\t<a class=\"elementor-accordion-title\" tabindex=\"0\">3.\u00bfCu\u00e1nto dinero se necesita para ser inversionista?<\/a>\n\t\t\t\t\t<\/div>\n\t\t\t\t\t<div id=\"elementor-tab-content-1513\" class=\"elementor-tab-content elementor-clearfix\" data-tab=\"3\" role=\"region\" aria-labelledby=\"elementor-tab-title-1513\"><p>Para visa E2, los abogados de inmigraci\u00f3n sugieren USD 100.000 en total, sumando todos los gastos. La ley pide un \u201cmonto sustancial\u201d, pero no aclara un monto espec\u00edfico. Esta informaci\u00f3n te la amplia el abogado de Inmigraci\u00f3n en su asesor\u00eda. Recuerda que tenemos una red de aliados para remitirte con uno de ellos si lo deseas puedes contactarnos.<\/p><\/div>\n\t\t\t\t<\/div>\n\t\t\t\t\t\t\t<div class=\"elementor-accordion-item\">\n\t\t\t\t\t<div id=\"elementor-tab-title-1514\" class=\"elementor-tab-title\" data-tab=\"4\" role=\"button\" aria-controls=\"elementor-tab-content-1514\" aria-expanded=\"false\">\n\t\t\t\t\t\t\t\t\t\t\t\t\t<span class=\"elementor-accordion-icon elementor-accordion-icon-left\" aria-hidden=\"true\">\n\t\t\t\t\t\t\t\t\t\t\t\t\t\t\t<span class=\"elementor-accordion-icon-closed\"><i class=\"fas fa-plus\"><\/i><\/span>\n\t\t\t\t\t\t\t\t<span class=\"elementor-accordion-icon-opened\"><i class=\"fas fa-minus\"><\/i><\/span>\n\t\t\t\t\t\t\t\t\t\t\t\t\t\t<\/span>\n\t\t\t\t\t\t\t\t\t\t\t\t<a class=\"elementor-accordion-title\" tabindex=\"0\">4. \u00bfDeseo invertir y aplicar a una visa de inversi\u00f3n E2 en los EEUU y soy de Per\u00fa, Ecuador o Bolivia?<\/a>\n\t\t\t\t\t<\/div>\n\t\t\t\t\t<div id=\"elementor-tab-content-1514\" class=\"elementor-tab-content elementor-clearfix\" data-tab=\"4\" role=\"region\" aria-labelledby=\"elementor-tab-title-1514\"><p>Te cuento que tu pa\u00eds no est\u00e1 dentro de los pa\u00edses que tienen tratado con Estados Unidos para visas de inversi\u00f3n, sin embargo, para orientarte de la manera correcta, debo tener m\u00e1s informaci\u00f3n tuya. Te dejo este formulario para que lo diligencies por favor, me dejes un mensaje cuando lo hagas para analizar tu perfil y orientarte de la mejor manera<br \/>https:\/\/forms.gle\/6P7tQdmN7fr1FSnT8<\/p><p>Para tener informaci\u00f3n m\u00e1s amplia de los pa\u00edses que son elegibles para una visa de inversi\u00f3n:<\/p><p>https:\/\/www.visafranchise.com\/es\/blog\/visa-e2-paises-elegibles-para-inversionistas-con-tratado<\/p><\/div>\n\t\t\t\t<\/div>\n\t\t\t\t\t\t\t<div class=\"elementor-accordion-item\">\n\t\t\t\t\t<div id=\"elementor-tab-title-1515\" class=\"elementor-tab-title\" data-tab=\"5\" role=\"button\" aria-controls=\"elementor-tab-content-1515\" aria-expanded=\"false\">\n\t\t\t\t\t\t\t\t\t\t\t\t\t<span class=\"elementor-accordion-icon elementor-accordion-icon-left\" aria-hidden=\"true\">\n\t\t\t\t\t\t\t\t\t\t\t\t\t\t\t<span class=\"elementor-accordion-icon-closed\"><i class=\"fas fa-plus\"><\/i><\/span>\n\t\t\t\t\t\t\t\t<span class=\"elementor-accordion-icon-opened\"><i class=\"fas fa-minus\"><\/i><\/span>\n\t\t\t\t\t\t\t\t\t\t\t\t\t\t<\/span>\n\t\t\t\t\t\t\t\t\t\t\t\t<a class=\"elementor-accordion-title\" tabindex=\"0\"> 5. \u00bfSi soy egresado del Programa TU NUEVA VIDA EN USA vale la pena que asista al NETWORKING que se hace posterior al programa en EEUU?<\/a>\n\t\t\t\t\t<\/div>\n\t\t\t\t\t<div id=\"elementor-tab-content-1515\" class=\"elementor-tab-content elementor-clearfix\" data-tab=\"5\" role=\"region\" aria-labelledby=\"elementor-tab-title-1515\"><p>Si vale la pena y es importante que asistas porque el evento de NETWORKING EXPERIENCE es un evento dirigido a personas que ya han tomado servicios de asesor\u00eda, educaci\u00f3n o acompa\u00f1amiento de Cafecito con Cata y est\u00e1n avanzando en procesos migratorios, de emprendimiento o inversi\u00f3n en los EEUU, es un evento que pretende afianzar tus relaciones y ofrecerte informaci\u00f3n de valor en tu proceso de reubicaci\u00f3n, desarrollo profesional, emprendimiento y\/o inversi\u00f3n en los EEUU.<\/p><\/div>\n\t\t\t\t<\/div>\n\t\t\t\t\t\t\t\t<\/div>\n\t\t\t\t\t\t<\/div>\n\t\t\t\t<\/div>\n\t\t\t\t<\/div>\n\t\t\t\t\t<\/div>\n\t\t\t\t<\/div>\n\t\t\t\t<\/div>\n\t\t","protected":false},"excerpt":{"rendered":"<p>Preguntas Frecuentes 1.\u00bfLa Mentor\u00eda con Cata incluye la cita con el Abogado de Migraci\u00f3n? La mentor\u00eda de reubicaci\u00f3n con Cata es una sesi\u00f3n personalizada dise\u00f1ada para brindarte el apoyo y la orientaci\u00f3n necesaria en tus primeros pasos hacia la realizaci\u00f3n de tu proyecto de vida, desarrollo profesional, implementaci\u00f3n de tu emprendimiento o plan de inversi\u00f3n [&hellip;]<\/p>\n","protected":false},"author":1,"featured_media":0,"parent":0,"menu_order":0,"comment_status":"closed","ping_status":"closed","template":"elementor_header_footer","meta":{"footnotes":""},"wf_page_folders":[],"class_list":["post-14192","page","type-page","status-publish","hentry"],"_links":{"self":[{"href":"https:\/\/cafecitoconcata.com\/en\/wp-json\/wp\/v2\/pages\/14192","targetHints":{"allow":["GET"]}}],"collection":[{"href":"https:\/\/cafecitoconcata.com\/en\/wp-json\/wp\/v2\/pages"}],"about":[{"href":"https:\/\/cafecitoconcata.com\/en\/wp-json\/wp\/v2\/types\/page"}],"author":[{"embeddable":true,"href":"https:\/\/cafecitoconcata.com\/en\/wp-json\/wp\/v2\/users\/1"}],"replies":[{"embeddable":true,"href":"https:\/\/cafecitoconcata.com\/en\/wp-json\/wp\/v2\/comments?post=14192"}],"version-history":[{"count":22,"href":"https:\/\/cafecitoconcata.com\/en\/wp-json\/wp\/v2\/pages\/14192\/revisions"}],"predecessor-version":[{"id":19801,"href":"https:\/\/cafecitoconcata.com\/en\/wp-json\/wp\/v2\/pages\/14192\/revisions\/19801"}],"wp:attachment":[{"href":"https:\/\/cafecitoconcata.com\/en\/wp-json\/wp\/v2\/media?parent=14192"}],"wp:term":[{"taxonomy":"wf_page_folders","embeddable":true,"href":"https:\/\/cafecitoconcata.com\/en\/wp-json\/wp\/v2\/wf_page_folders?post=14192"}],"curies":[{"name":"wp","href":"https:\/\/api.w.org\/{rel}","templated":true}]}}