{"id":21116,"date":"2024-05-29T17:24:21","date_gmt":"2024-05-29T21:24:21","guid":{"rendered":"https:\/\/cafecitoconcata.com\/?page_id=21116"},"modified":"2024-10-29T07:39:58","modified_gmt":"2024-10-29T11:39:58","slug":"formulario-para-planificacion-de-ruta-exploratoria-o-de-reubicacion","status":"publish","type":"page","link":"https:\/\/cafecitoconcata.com\/en\/formulario-para-planificacion-de-ruta-exploratoria-o-de-reubicacion\/","title":{"rendered":"Formulario &#8211; para planificaci\u00f3n de ruta exploratoria o de reubicaci\u00f3n"},"content":{"rendered":"<style>.elementor-21116 .elementor-element.elementor-element-44d2c68{--display:flex;--flex-direction:row;--container-widget-width:calc( ( 1 - var( --container-widget-flex-grow ) ) * 100% );--container-widget-height:100%;--container-widget-flex-grow:1;--container-widget-align-self:stretch;--flex-wrap-mobile:wrap;--align-items:stretch;--gap:30px 30px;--row-gap:30px;--column-gap:30px;--margin-top:0px;--margin-bottom:0px;--margin-left:0px;--margin-right:0px;--padding-top:40px;--padding-bottom:40px;--padding-left:0px;--padding-right:0px;}.elementor-21116 .elementor-element.elementor-element-44d2c68:not(.elementor-motion-effects-element-type-background), .elementor-21116 .elementor-element.elementor-element-44d2c68 > .elementor-motion-effects-container > .elementor-motion-effects-layer{background-color:var( --e-global-color-f51a933 );}.elementor-21116 .elementor-element.elementor-element-caf0b0a{--display:flex;--align-items:center;--container-widget-width:calc( ( 1 - var( --container-widget-flex-grow ) ) * 100% );}.elementor-21116 .elementor-element.elementor-element-9b67122{--display:flex;--flex-direction:row;--container-widget-width:calc( ( 1 - var( --container-widget-flex-grow ) ) * 100% );--container-widget-height:100%;--container-widget-flex-grow:1;--container-widget-align-self:stretch;--flex-wrap-mobile:wrap;--align-items:stretch;--gap:10px 10px;--row-gap:10px;--column-gap:10px;}.elementor-21116 .elementor-element.elementor-element-b1e375c{--display:flex;--border-radius:10px 10px 10px 10px;box-shadow:0px 0px 10px 0px rgba(0,0,0,0.5);--padding-top:0px;--padding-bottom:20px;--padding-left:20px;--padding-right:20px;}.elementor-21116 .elementor-element.elementor-element-b1e375c:not(.elementor-motion-effects-element-type-background), .elementor-21116 .elementor-element.elementor-element-b1e375c > .elementor-motion-effects-container > .elementor-motion-effects-layer{background-color:#FFFFFF;}.elementor-21116 .elementor-element.elementor-element-f07861b{text-align:center;}.elementor-21116 .elementor-element.elementor-element-f07861b .elementor-heading-title{font-size:40px;}.elementor-21116 .elementor-element.elementor-element-f07861b > .elementor-widget-container{margin:30px 0px 10px 0px;}@media(min-width:768px){.elementor-21116 .elementor-element.elementor-element-9b67122{--width:700px;}}@media(max-width:767px){.elementor-21116 .elementor-element.elementor-element-44d2c68{--padding-top:30px;--padding-bottom:40px;--padding-left:0px;--padding-right:0px;}.elementor-21116 .elementor-element.elementor-element-caf0b0a{--padding-top:20px;--padding-bottom:20px;--padding-left:20px;--padding-right:20px;}}<\/style>\t\t<div data-elementor-type=\"wp-page\" data-elementor-id=\"21116\" class=\"elementor elementor-21116\" data-elementor-post-type=\"page\">\n\t\t\t\t<div class=\"elementor-element elementor-element-44d2c68 e-flex e-con-boxed e-con e-parent\" data-id=\"44d2c68\" data-element_type=\"container\" data-e-type=\"container\" data-settings=\"{&quot;background_background&quot;:&quot;classic&quot;}\">\n\t\t\t\t\t<div class=\"e-con-inner\">\n\t\t<div class=\"elementor-element elementor-element-caf0b0a e-con-full e-flex e-con e-child\" data-id=\"caf0b0a\" data-element_type=\"container\" data-e-type=\"container\">\n\t\t<div class=\"elementor-element elementor-element-9b67122 e-con-full e-flex e-con e-child\" data-id=\"9b67122\" data-element_type=\"container\" data-e-type=\"container\">\n\t\t<div class=\"elementor-element elementor-element-b1e375c e-con-full e-flex e-con e-child\" data-id=\"b1e375c\" data-element_type=\"container\" data-e-type=\"container\" data-settings=\"{&quot;background_background&quot;:&quot;classic&quot;}\">\n\t\t\t\t<div class=\"elementor-element elementor-element-f07861b elementor-widget elementor-widget-heading\" data-id=\"f07861b\" data-element_type=\"widget\" data-e-type=\"widget\" data-widget_type=\"heading.default\">\n\t\t\t\t<div class=\"elementor-widget-container\">\n\t\t\t\t\t<h2 class=\"elementor-heading-title elementor-size-default\">Formulario para planificaci\u00f3n de ruta exploratoria o de reubicaci\u00f3n<\/h2>\t\t\t\t<\/div>\n\t\t\t\t<\/div>\n\t\t\t\t<div class=\"elementor-element elementor-element-c0cfa6b elementor-widget elementor-widget-image\" data-id=\"c0cfa6b\" data-element_type=\"widget\" data-e-type=\"widget\" data-widget_type=\"image.default\">\n\t\t\t\t<div class=\"elementor-widget-container\">\n\t\t\t\t\t\t\t\t\t\t\t\t\t\t\t<img fetchpriority=\"high\" decoding=\"async\" width=\"800\" height=\"300\" src=\"https:\/\/cafecitoconcata.com\/wp-content\/uploads\/2024\/06\/Cafecito-Banner-Ruta-Exploratoria.webp\" class=\"attachment-large size-large wp-image-21163\" alt=\"Cafecito Banner Ruta Exploratoria Visas E1 E2 EB1 EB2 EB5 L1\" srcset=\"https:\/\/cafecitoconcata.com\/wp-content\/uploads\/2024\/06\/Cafecito-Banner-Ruta-Exploratoria.webp 800w, https:\/\/cafecitoconcata.com\/wp-content\/uploads\/2024\/06\/Cafecito-Banner-Ruta-Exploratoria-300x113.webp 300w, https:\/\/cafecitoconcata.com\/wp-content\/uploads\/2024\/06\/Cafecito-Banner-Ruta-Exploratoria-768x288.webp 768w\" sizes=\"(max-width: 800px) 100vw, 800px\" \/>\t\t\t\t\t\t\t\t\t\t\t\t\t\t\t<\/div>\n\t\t\t\t<\/div>\n\t\t\t\t<div class=\"elementor-element elementor-element-55658bc elementor-hidden-desktop elementor-hidden-tablet elementor-hidden-mobile elementor-widget elementor-widget-html\" data-id=\"55658bc\" data-element_type=\"widget\" data-e-type=\"widget\" data-widget_type=\"html.default\">\n\t\t\t\t<div class=\"elementor-widget-container\">\n\t\t\t\t\t<iframe\n      id=\"JotFormIFrame-242357456799676\"\n      title=\"Formulario para planificaci\u00f3n de ruta exploratoria o de reubicaci\u00f3n | Cafecito \"\n      onload=\"window.parent.scrollTo(0,0)\"\n      allowtransparency=\"true\"\n      allow=\"geolocation; microphone; camera; fullscreen\"\n      src=\"https:\/\/form.jotform.com\/242357456799676\"\n      frameborder=\"0\"\n      style=\"min-width:100%;max-width:100%;height:539px;border:none;\"\n      scrolling=\"no\"\n    >\n    <\/iframe>\n    <script src='https:\/\/cdn.jotfor.ms\/s\/umd\/latest\/for-form-embed-handler.js'><\/script>\n    <script>window.jotformEmbedHandler(\"iframe[id='JotFormIFrame-242357456799676']\", \"https:\/\/form.jotform.com\/\")<\/script>\n    \t\t\t\t<\/div>\n\t\t\t\t<\/div>\n\t\t\t\t<\/div>\n\t\t\t\t<\/div>\n\t\t\t\t<\/div>\n\t\t\t\t\t<\/div>\n\t\t\t\t<\/div>\n\t\t\t\t<\/div>\n\t\t","protected":false},"excerpt":{"rendered":"<p>Formulario para planificaci\u00f3n de ruta exploratoria o de reubicaci\u00f3n Por favor, activa JavaScript en tu navegador para completar este formulario.Nombre y apellidos *NombreApellidosNombre y apellidos de tu c\u00f3nyugueDise\u00f1oCelular *WhatsApp *Correo electr\u00f3nico *Dise\u00f1oNacionalidad *Selecciona&#8230;Afganist\u00e1nAlbaniaAlemaniaAndorraAngolaAnguilaAntigua y BarbudaAnt\u00e1rticaArgeliaArgentinaArmeniaArubaAustraliaAustriaAzerbaiy\u00e1nBahamasBangladeshBarbadosBar\u00e9inBelizeBen\u00ednBermudasBielorrusiaBolivia (Estado Plurinacional de)Bonaire, San Eustaquio y SabaBosnia y HerzegovinaBotsuanaBrasilBrunei DarussalamBulgariaBurkina FasoBurundiBut\u00e1nB\u00e9lgicaCabo VerdeCamboyaCamer\u00fanCanad\u00e1ChadChileChinaChipreColombiaComorasCongoCongo (Rep\u00fablica Democr\u00e1tica del)Corea (Rep\u00fablica de)Corea del NorteCosta RicaCosta [&hellip;]<\/p>\n","protected":false},"author":1,"featured_media":0,"parent":0,"menu_order":0,"comment_status":"closed","ping_status":"closed","template":"elementor_canvas","meta":{"footnotes":""},"wf_page_folders":[],"class_list":["post-21116","page","type-page","status-publish","hentry"],"_links":{"self":[{"href":"https:\/\/cafecitoconcata.com\/en\/wp-json\/wp\/v2\/pages\/21116","targetHints":{"allow":["GET"]}}],"collection":[{"href":"https:\/\/cafecitoconcata.com\/en\/wp-json\/wp\/v2\/pages"}],"about":[{"href":"https:\/\/cafecitoconcata.com\/en\/wp-json\/wp\/v2\/types\/page"}],"author":[{"embeddable":true,"href":"https:\/\/cafecitoconcata.com\/en\/wp-json\/wp\/v2\/users\/1"}],"replies":[{"embeddable":true,"href":"https:\/\/cafecitoconcata.com\/en\/wp-json\/wp\/v2\/comments?post=21116"}],"version-history":[{"count":15,"href":"https:\/\/cafecitoconcata.com\/en\/wp-json\/wp\/v2\/pages\/21116\/revisions"}],"predecessor-version":[{"id":23563,"href":"https:\/\/cafecitoconcata.com\/en\/wp-json\/wp\/v2\/pages\/21116\/revisions\/23563"}],"wp:attachment":[{"href":"https:\/\/cafecitoconcata.com\/en\/wp-json\/wp\/v2\/media?parent=21116"}],"wp:term":[{"taxonomy":"wf_page_folders","embeddable":true,"href":"https:\/\/cafecitoconcata.com\/en\/wp-json\/wp\/v2\/wf_page_folders?post=21116"}],"curies":[{"name":"wp","href":"https:\/\/api.w.org\/{rel}","templated":true}]}}