{"id":21155,"date":"2024-05-31T14:38:15","date_gmt":"2024-05-31T18:38:15","guid":{"rendered":"https:\/\/cafecitoconcata.com\/?page_id=21155"},"modified":"2024-10-21T11:38:04","modified_gmt":"2024-10-21T15:38:04","slug":"visa-e1","status":"publish","type":"page","link":"https:\/\/cafecitoconcata.com\/en\/visa-e1\/","title":{"rendered":"Visa E1: Emprendimiento como Puerta de Acceso a los Estados Unidos"},"content":{"rendered":"<style>.elementor-21155 .elementor-element.elementor-element-78e7154{--display:flex;--flex-direction:column;--container-widget-width:100%;--container-widget-height:initial;--container-widget-flex-grow:0;--container-widget-align-self:initial;--flex-wrap-mobile:wrap;}.elementor-21155 .elementor-element.elementor-element-6d31d1d{--spacer-size:20px;}.elementor-21155 .elementor-element.elementor-element-0ba9645 .elementor-heading-title{-webkit-text-stroke-width:1px;stroke-width:1px;-webkit-text-stroke-color:#183A3E;stroke:#183A3E;color:#183A3E;}.elementor-21155 .elementor-element.elementor-element-62bcdd0{--display:flex;--flex-direction:row;--container-widget-width:initial;--container-widget-height:100%;--container-widget-flex-grow:1;--container-widget-align-self:stretch;--flex-wrap-mobile:wrap;--gap:0px 0px;--row-gap:0px;--column-gap:0px;}.elementor-21155 .elementor-element.elementor-element-316f6b0{--display:flex;--flex-direction:column;--container-widget-width:100%;--container-widget-height:initial;--container-widget-flex-grow:0;--container-widget-align-self:initial;--flex-wrap-mobile:wrap;}.elementor-21155 .elementor-element.elementor-element-9b74e54{--spacer-size:2px;}.elementor-21155 .elementor-element.elementor-element-96c2ac2{--display:flex;--flex-direction:column;--container-widget-width:100%;--container-widget-height:initial;--container-widget-flex-grow:0;--container-widget-align-self:initial;--flex-wrap-mobile:wrap;}.elementor-21155 .elementor-element.elementor-element-0b3b850{--display:flex;--flex-direction:row;--container-widget-width:initial;--container-widget-height:100%;--container-widget-flex-grow:1;--container-widget-align-self:stretch;--flex-wrap-mobile:wrap;--gap:0px 0px;--row-gap:0px;--column-gap:0px;}.elementor-21155 .elementor-element.elementor-element-5498273{--display:flex;--flex-direction:column;--container-widget-width:100%;--container-widget-height:initial;--container-widget-flex-grow:0;--container-widget-align-self:initial;--flex-wrap-mobile:wrap;}.elementor-21155 .elementor-element.elementor-element-696f86d{--display:flex;--flex-direction:column;--container-widget-width:100%;--container-widget-height:initial;--container-widget-flex-grow:0;--container-widget-align-self:initial;--flex-wrap-mobile:wrap;}.elementor-21155 .elementor-element.elementor-element-ec18f62{--display:flex;--flex-direction:column;--container-widget-width:100%;--container-widget-height:initial;--container-widget-flex-grow:0;--container-widget-align-self:initial;--flex-wrap-mobile:wrap;}.elementor-21155 .elementor-element.elementor-element-2a385f4{--display:flex;--flex-direction:column;--container-widget-width:100%;--container-widget-height:initial;--container-widget-flex-grow:0;--container-widget-align-self:initial;--flex-wrap-mobile:wrap;}.elementor-21155 .elementor-element.elementor-element-5b42699 .elementor-heading-title{-webkit-text-stroke-width:1px;stroke-width:1px;-webkit-text-stroke-color:#183A3E;stroke:#183A3E;color:#183A3E;}.elementor-21155 .elementor-element.elementor-element-4a56e4e{--display:flex;--flex-direction:row;--container-widget-width:initial;--container-widget-height:100%;--container-widget-flex-grow:1;--container-widget-align-self:stretch;--flex-wrap-mobile:wrap;--gap:0px 0px;--row-gap:0px;--column-gap:0px;}.elementor-21155 .elementor-element.elementor-element-4b76adb{--display:flex;--flex-direction:column;--container-widget-width:100%;--container-widget-height:initial;--container-widget-flex-grow:0;--container-widget-align-self:initial;--flex-wrap-mobile:wrap;}.elementor-21155 .elementor-element.elementor-element-3deb299{--spacer-size:20px;}.elementor-21155 .elementor-element.elementor-element-31f551d .elementor-heading-title{-webkit-text-stroke-width:1px;stroke-width:1px;-webkit-text-stroke-color:#183A3E;stroke:#183A3E;color:#183A3E;}.elementor-21155 .elementor-element.elementor-element-8c88657{--display:flex;--flex-direction:column;--container-widget-width:100%;--container-widget-height:initial;--container-widget-flex-grow:0;--container-widget-align-self:initial;--flex-wrap-mobile:wrap;}.elementor-21155 .elementor-element.elementor-element-3ebf4d5{--display:flex;--flex-direction:column;--container-widget-width:100%;--container-widget-height:initial;--container-widget-flex-grow:0;--container-widget-align-self:initial;--flex-wrap-mobile:wrap;}@media(min-width:768px){.elementor-21155 .elementor-element.elementor-element-316f6b0{--width:50%;}.elementor-21155 .elementor-element.elementor-element-96c2ac2{--width:50%;}.elementor-21155 .elementor-element.elementor-element-5498273{--width:50%;}.elementor-21155 .elementor-element.elementor-element-696f86d{--width:50%;}.elementor-21155 .elementor-element.elementor-element-4b76adb{--width:50%;}.elementor-21155 .elementor-element.elementor-element-8c88657{--width:50%;}}<\/style>\t\t<div data-elementor-type=\"wp-page\" data-elementor-id=\"21155\" class=\"elementor elementor-21155\" data-elementor-post-type=\"page\">\n\t\t\t\t<div class=\"elementor-element elementor-element-78e7154 e-flex e-con-boxed e-con e-parent\" data-id=\"78e7154\" data-element_type=\"container\" data-e-type=\"container\">\n\t\t\t\t\t<div class=\"e-con-inner\">\n\t\t\t\t<div class=\"elementor-element elementor-element-6d31d1d elementor-widget elementor-widget-spacer\" data-id=\"6d31d1d\" data-element_type=\"widget\" data-e-type=\"widget\" data-widget_type=\"spacer.default\">\n\t\t\t\t<div class=\"elementor-widget-container\">\n\t\t\t\t\t\t\t<div class=\"elementor-spacer\">\n\t\t\t<div class=\"elementor-spacer-inner\"><\/div>\n\t\t<\/div>\n\t\t\t\t\t\t<\/div>\n\t\t\t\t<\/div>\n\t\t\t\t<div class=\"elementor-element elementor-element-0ba9645 elementor-widget elementor-widget-heading\" data-id=\"0ba9645\" data-element_type=\"widget\" data-e-type=\"widget\" data-widget_type=\"heading.default\">\n\t\t\t\t<div class=\"elementor-widget-container\">\n\t\t\t\t\t<h1 class=\"elementor-heading-title elementor-size-default\">Visa E1: Emprendimiento como Puerta de Acceso a los Estados Unidos\n<\/h1>\t\t\t\t<\/div>\n\t\t\t\t<\/div>\n\t\t\t\t<div class=\"elementor-element elementor-element-b82be74 elementor-widget elementor-widget-text-editor\" data-id=\"b82be74\" data-element_type=\"widget\" data-e-type=\"widget\" data-widget_type=\"text-editor.default\">\n\t\t\t\t<div class=\"elementor-widget-container\">\n\t\t\t\t\t\t\t\t\t<p><span style=\"font-weight: 400;\">En Cafecito con Cata, nos enorgullece ser tu gu\u00eda experta en el proceso de reubicaci\u00f3n, emprendimiento y desarrollo profesional en los Estados Unidos. En nuestra p\u00e1gina, exploraremos c\u00f3mo el emprendimiento puede ser una v\u00eda efectiva para obtener la Visa E1, proporcion\u00e1ndote informaci\u00f3n detallada sobre los requisitos, beneficios y recursos disponibles para empresarios extranjeros interesados en establecer negocios en Estados Unidos.<\/span><\/p>\t\t\t\t\t\t\t\t<\/div>\n\t\t\t\t<\/div>\n\t\t\t\t\t<\/div>\n\t\t\t\t<\/div>\n\t\t<div class=\"elementor-element elementor-element-62bcdd0 e-flex e-con-boxed e-con e-parent\" data-id=\"62bcdd0\" data-element_type=\"container\" data-e-type=\"container\">\n\t\t\t\t\t<div class=\"e-con-inner\">\n\t\t<div class=\"elementor-element elementor-element-316f6b0 e-con-full e-flex e-con e-child\" data-id=\"316f6b0\" data-element_type=\"container\" data-e-type=\"container\">\n\t\t\t\t<div class=\"elementor-element elementor-element-9b74e54 elementor-widget elementor-widget-spacer\" data-id=\"9b74e54\" data-element_type=\"widget\" data-e-type=\"widget\" data-widget_type=\"spacer.default\">\n\t\t\t\t<div class=\"elementor-widget-container\">\n\t\t\t\t\t\t\t<div class=\"elementor-spacer\">\n\t\t\t<div class=\"elementor-spacer-inner\"><\/div>\n\t\t<\/div>\n\t\t\t\t\t\t<\/div>\n\t\t\t\t<\/div>\n\t\t\t\t<div class=\"elementor-element elementor-element-bbca609 elementor-widget elementor-widget-heading\" data-id=\"bbca609\" data-element_type=\"widget\" data-e-type=\"widget\" data-widget_type=\"heading.default\">\n\t\t\t\t<div class=\"elementor-widget-container\">\n\t\t\t\t\t<h2 class=\"elementor-heading-title elementor-size-default\">El Enlace entre Emprendimiento y Visa E1\n<\/h2>\t\t\t\t<\/div>\n\t\t\t\t<\/div>\n\t\t\t\t<div class=\"elementor-element elementor-element-419fa12 elementor-widget elementor-widget-text-editor\" data-id=\"419fa12\" data-element_type=\"widget\" data-e-type=\"widget\" data-widget_type=\"text-editor.default\">\n\t\t\t\t<div class=\"elementor-widget-container\">\n\t\t\t\t\t\t\t\t\t<p><span style=\"font-weight: 400;\">La Visa E1 es una herramienta valiosa para empresarios y comerciantes que desean establecer negocios en los Estados Unidos. Este tipo de visa requiere que el solicitante sea ciudadano de un pa\u00eds con el cual EE. UU. mantiene un tratado de comercio y navegaci\u00f3n. Una de las formas m\u00e1s comunes de calificar para esta visa es a trav\u00e9s de la inversi\u00f3n y operaci\u00f3n de un negocio comercial sustancial y en curso en EE. UU.<\/span><\/p><p><span style=\"font-weight: 400;\">En este sentido, tener un negocio puede ser un activo clave para cumplir con los criterios de elegibilidad de la Visa E1. Aqu\u00ed hay algunas formas en las que el emprendimiento puede facilitar la obtenci\u00f3n de esta visa:<\/span><\/p>\t\t\t\t\t\t\t\t<\/div>\n\t\t\t\t<\/div>\n\t\t\t\t<\/div>\n\t\t<div class=\"elementor-element elementor-element-96c2ac2 e-con-full e-flex e-con e-child\" data-id=\"96c2ac2\" data-element_type=\"container\" data-e-type=\"container\">\n\t\t\t\t<div class=\"elementor-element elementor-element-03416d6 elementor-widget elementor-widget-image\" data-id=\"03416d6\" data-element_type=\"widget\" data-e-type=\"widget\" data-widget_type=\"image.default\">\n\t\t\t\t<div class=\"elementor-widget-container\">\n\t\t\t\t\t\t\t\t\t\t\t\t\t\t\t<img fetchpriority=\"high\" decoding=\"async\" width=\"600\" height=\"400\" src=\"https:\/\/cafecitoconcata.com\/wp-content\/uploads\/2024\/05\/1.visa-E1.jpg\" class=\"attachment-large size-large wp-image-21147\" alt=\"1.visa E1. bandera de los estados unidos\" srcset=\"https:\/\/cafecitoconcata.com\/wp-content\/uploads\/2024\/05\/1.visa-E1.jpg 600w, https:\/\/cafecitoconcata.com\/wp-content\/uploads\/2024\/05\/1.visa-E1-300x200.jpg 300w\" sizes=\"(max-width: 600px) 100vw, 600px\" \/>\t\t\t\t\t\t\t\t\t\t\t\t\t\t\t<\/div>\n\t\t\t\t<\/div>\n\t\t\t\t<\/div>\n\t\t\t\t\t<\/div>\n\t\t\t\t<\/div>\n\t\t<div class=\"elementor-element elementor-element-0b3b850 e-flex e-con-boxed e-con e-parent\" data-id=\"0b3b850\" data-element_type=\"container\" data-e-type=\"container\">\n\t\t\t\t\t<div class=\"e-con-inner\">\n\t\t<div class=\"elementor-element elementor-element-5498273 e-con-full e-flex e-con e-child\" data-id=\"5498273\" data-element_type=\"container\" data-e-type=\"container\">\n\t\t\t\t<div class=\"elementor-element elementor-element-0173298 elementor-widget elementor-widget-image\" data-id=\"0173298\" data-element_type=\"widget\" data-e-type=\"widget\" data-widget_type=\"image.default\">\n\t\t\t\t<div class=\"elementor-widget-container\">\n\t\t\t\t\t\t\t\t\t\t\t\t\t\t\t<img decoding=\"async\" width=\"600\" height=\"400\" src=\"https:\/\/cafecitoconcata.com\/wp-content\/uploads\/2024\/05\/2.visa-E1.jpg\" class=\"attachment-large size-large wp-image-21145\" alt=\"2.visa E1. una persona con lentes en una oficina\" srcset=\"https:\/\/cafecitoconcata.com\/wp-content\/uploads\/2024\/05\/2.visa-E1.jpg 600w, https:\/\/cafecitoconcata.com\/wp-content\/uploads\/2024\/05\/2.visa-E1-300x200.jpg 300w\" sizes=\"(max-width: 600px) 100vw, 600px\" \/>\t\t\t\t\t\t\t\t\t\t\t\t\t\t\t<\/div>\n\t\t\t\t<\/div>\n\t\t\t\t<\/div>\n\t\t<div class=\"elementor-element elementor-element-696f86d e-con-full e-flex e-con e-child\" data-id=\"696f86d\" data-element_type=\"container\" data-e-type=\"container\">\n\t\t\t\t<div class=\"elementor-element elementor-element-6962bb9 elementor-widget elementor-widget-text-editor\" data-id=\"6962bb9\" data-element_type=\"widget\" data-e-type=\"widget\" data-widget_type=\"text-editor.default\">\n\t\t\t\t<div class=\"elementor-widget-container\">\n\t\t\t\t\t\t\t\t\t<p><span style=\"color: #183a3e;\"><b>Inversi\u00f3n Sustancial:<\/b><\/span><span style=\"font-weight: 400;\"> Operar un negocio en los Estados Unidos implica una inversi\u00f3n financiera significativa, lo cual es un requisito importante para calificar para la Visa E1.<\/span><\/p><p><span style=\"color: #183a3e;\"><b>Evidencia de Compromiso:<\/b><\/span><span style=\"font-weight: 400;\"> La operaci\u00f3n exitosa de un negocio en EE. UU. demuestra un compromiso a largo plazo con el pa\u00eds, un aspecto valorado por las autoridades migratorias al evaluar las solicitudes de visa.<\/span><\/p><p><span style=\"color: #183a3e;\"><b>Experiencia en Gesti\u00f3n:<\/b><\/span><span style=\"font-weight: 400;\"> La experiencia previa en la gesti\u00f3n empresarial puede ser especialmente \u00fatil al demostrar la capacidad del solicitante para dirigir y gestionar operaciones comerciales en un entorno empresarial estadounidense.<\/span><\/p><p><span style=\"color: #183a3e;\"><b>Contribuci\u00f3n a la Econom\u00eda Local:<\/b><\/span><span style=\"font-weight: 400;\"> La operaci\u00f3n de un negocio puede contribuir a la econom\u00eda local al generar empleo y apoyar a proveedores locales, lo cual puede ser considerado como un aspecto positivo en la evaluaci\u00f3n de la solicitud de visa.<\/span><\/p>\t\t\t\t\t\t\t\t<\/div>\n\t\t\t\t<\/div>\n\t\t\t\t<\/div>\n\t\t\t\t\t<\/div>\n\t\t\t\t<\/div>\n\t\t<div class=\"elementor-element elementor-element-ec18f62 e-flex e-con-boxed e-con e-parent\" data-id=\"ec18f62\" data-element_type=\"container\" data-e-type=\"container\">\n\t\t\t\t\t<div class=\"e-con-inner\">\n\t\t\t\t<div class=\"elementor-element elementor-element-f212043 elementor-widget elementor-widget-text-editor\" data-id=\"f212043\" data-element_type=\"widget\" data-e-type=\"widget\" data-widget_type=\"text-editor.default\">\n\t\t\t\t<div class=\"elementor-widget-container\">\n\t\t\t\t\t\t\t\t\t<p><span style=\"font-weight: 400;\">El emprendimiento y la operaci\u00f3n de un negocio en los Estados Unidos pueden desempe\u00f1ar un papel crucial en la obtenci\u00f3n de la Visa E1 al cumplir con los requisitos de elegibilidad y proporcionar evidencia de compromiso y capacidad empresarial.<\/span><\/p>\t\t\t\t\t\t\t\t<\/div>\n\t\t\t\t<\/div>\n\t\t\t\t\t<\/div>\n\t\t\t\t<\/div>\n\t\t<div class=\"elementor-element elementor-element-2a385f4 e-flex e-con-boxed e-con e-parent\" data-id=\"2a385f4\" data-element_type=\"container\" data-e-type=\"container\">\n\t\t\t\t\t<div class=\"e-con-inner\">\n\t\t\t\t<div class=\"elementor-element elementor-element-5b42699 elementor-widget elementor-widget-heading\" data-id=\"5b42699\" data-element_type=\"widget\" data-e-type=\"widget\" data-widget_type=\"heading.default\">\n\t\t\t\t<div class=\"elementor-widget-container\">\n\t\t\t\t\t<h2 class=\"elementor-heading-title elementor-size-default\">Beneficios de la Visa E1 para Emprendedores\n<\/h2>\t\t\t\t<\/div>\n\t\t\t\t<\/div>\n\t\t\t\t<div class=\"elementor-element elementor-element-25a430a elementor-widget elementor-widget-text-editor\" data-id=\"25a430a\" data-element_type=\"widget\" data-e-type=\"widget\" data-widget_type=\"text-editor.default\">\n\t\t\t\t<div class=\"elementor-widget-container\">\n\t\t\t\t\t\t\t\t\t<p><span style=\"font-weight: 400;\">La Visa E1 ofrece una serie de beneficios significativos para los empresarios extranjeros. Adem\u00e1s de la posibilidad de establecer y operar un negocio propio en los Estados Unidos, esta visa proporciona la oportunidad de residir temporalmente en el pa\u00eds para supervisar las operaciones comerciales. Esto permite a los empresarios sumergirse en el mercado estadounidense y aprovechar las numerosas oportunidades comerciales disponibles en el pa\u00eds, desde el acceso a un mercado diverso hasta la posibilidad de colaborar con otras empresas locales.<\/span><\/p>\t\t\t\t\t\t\t\t<\/div>\n\t\t\t\t<\/div>\n\t\t\t\t\t<\/div>\n\t\t\t\t<\/div>\n\t\t<div class=\"elementor-element elementor-element-4a56e4e e-flex e-con-boxed e-con e-parent\" data-id=\"4a56e4e\" data-element_type=\"container\" data-e-type=\"container\">\n\t\t\t\t\t<div class=\"e-con-inner\">\n\t\t<div class=\"elementor-element elementor-element-4b76adb e-con-full e-flex e-con e-child\" data-id=\"4b76adb\" data-element_type=\"container\" data-e-type=\"container\">\n\t\t\t\t<div class=\"elementor-element elementor-element-3deb299 elementor-widget elementor-widget-spacer\" data-id=\"3deb299\" data-element_type=\"widget\" data-e-type=\"widget\" data-widget_type=\"spacer.default\">\n\t\t\t\t<div class=\"elementor-widget-container\">\n\t\t\t\t\t\t\t<div class=\"elementor-spacer\">\n\t\t\t<div class=\"elementor-spacer-inner\"><\/div>\n\t\t<\/div>\n\t\t\t\t\t\t<\/div>\n\t\t\t\t<\/div>\n\t\t\t\t<div class=\"elementor-element elementor-element-31f551d elementor-widget elementor-widget-heading\" data-id=\"31f551d\" data-element_type=\"widget\" data-e-type=\"widget\" data-widget_type=\"heading.default\">\n\t\t\t\t<div class=\"elementor-widget-container\">\n\t\t\t\t\t<h2 class=\"elementor-heading-title elementor-size-default\">Recursos Valiosos para tu Proceso de Emprendimiento:\n<\/h2>\t\t\t\t<\/div>\n\t\t\t\t<\/div>\n\t\t\t\t<div class=\"elementor-element elementor-element-da3f8c4 elementor-widget elementor-widget-text-editor\" data-id=\"da3f8c4\" data-element_type=\"widget\" data-e-type=\"widget\" data-widget_type=\"text-editor.default\">\n\t\t\t\t<div class=\"elementor-widget-container\">\n\t\t\t\t\t\t\t\t\t<p><span style=\"font-weight: 400;\">En <\/span><a href=\"https:\/\/cafecitoconcata.com\/en\/\"><span style=\"font-weight: 400;\">Cafecito con Cata<\/span><\/a><span style=\"font-weight: 400;\">, entendemos que el proceso de obtenci\u00f3n de la Visa E1 puede parecer abrumador. Es por eso que te ofrecemos acceso a una amplia gama de recursos valiosos para tu proceso de emprendimiento. Desde espacios para recibir contenido de alto valor que te ahorrar\u00e1n tiempo y dinero en tu proceso de reubicaci\u00f3n, hasta eventos de formaci\u00f3n y networking donde puedes establecer conexiones significativas y aprender de expertos en el campo empresarial, estamos comprometidos a proporcionarte las herramientas que necesitas para tener \u00e9xito en tu aventura \u00a0 en los Estados Unidos.<\/span><\/p>\t\t\t\t\t\t\t\t<\/div>\n\t\t\t\t<\/div>\n\t\t\t\t<\/div>\n\t\t<div class=\"elementor-element elementor-element-8c88657 e-con-full e-flex e-con e-child\" data-id=\"8c88657\" data-element_type=\"container\" data-e-type=\"container\">\n\t\t\t\t<div class=\"elementor-element elementor-element-ea6fee9 elementor-widget elementor-widget-image\" data-id=\"ea6fee9\" data-element_type=\"widget\" data-e-type=\"widget\" data-widget_type=\"image.default\">\n\t\t\t\t<div class=\"elementor-widget-container\">\n\t\t\t\t\t\t\t\t\t\t\t\t\t\t\t<img decoding=\"async\" width=\"600\" height=\"400\" src=\"https:\/\/cafecitoconcata.com\/wp-content\/uploads\/2024\/05\/3.visa-E1.jpg\" class=\"attachment-large size-large wp-image-21146\" alt=\"3.visa E1. papeles para tramitar una visa\" srcset=\"https:\/\/cafecitoconcata.com\/wp-content\/uploads\/2024\/05\/3.visa-E1.jpg 600w, https:\/\/cafecitoconcata.com\/wp-content\/uploads\/2024\/05\/3.visa-E1-300x200.jpg 300w\" sizes=\"(max-width: 600px) 100vw, 600px\" \/>\t\t\t\t\t\t\t\t\t\t\t\t\t\t\t<\/div>\n\t\t\t\t<\/div>\n\t\t\t\t<\/div>\n\t\t\t\t\t<\/div>\n\t\t\t\t<\/div>\n\t\t<div class=\"elementor-element elementor-element-3ebf4d5 e-flex e-con-boxed e-con e-parent\" data-id=\"3ebf4d5\" data-element_type=\"container\" data-e-type=\"container\">\n\t\t\t\t\t<div class=\"e-con-inner\">\n\t\t\t\t<div class=\"elementor-element elementor-element-5b08913 elementor-widget elementor-widget-text-editor\" data-id=\"5b08913\" data-element_type=\"widget\" data-e-type=\"widget\" data-widget_type=\"text-editor.default\">\n\t\t\t\t<div class=\"elementor-widget-container\">\n\t\t\t\t\t\t\t\t\t<p><span style=\"font-weight: 400;\">\u00bfEst\u00e1s listo para dar el primer paso hacia tu Visa E1 y comenzar tu viaje como empresario en los Estados Unidos? \u00a1<\/span><a href=\"https:\/\/cafecitoconcata.com\/en\/contactame\/\"><span style=\"font-weight: 400;\">Cont\u00e1ctanos<\/span><\/a><span style=\"font-weight: 400;\"> hoy mismo en <\/span><a href=\"https:\/\/cafecitoconcata.com\/en\/\"><span style=\"font-weight: 400;\">Cafecito con Cata<\/span><\/a><span style=\"font-weight: 400;\"> y descubre c\u00f3mo podemos ayudarte a hacer realidad tus sue\u00f1os de emprendimiento en este pa\u00eds lleno de oportunidades! Con nuestro equipo especializado a tu lado, estar\u00e1s bien encaminado hacia el \u00e9xito en tu aventura empresarial en los<\/span><a title=\"Visa E1 Estados Unidos\" href=\"https:\/\/www.google.com\/search?q=site%3Acafecitoconcata.com&amp;rlz=1C5CHFA_enCA1125CA1125&amp;oq=site%3Acafecitoconcata.com&amp;gs_lcrp=EgZjaHJvbWUyBggAEEUYOTIGCAEQRRg60gEINzk3NGowajeoAgCwAgA&amp;sourceid=chrome&amp;ie=UTF-8\" target=\"_blank\" rel=\"nofollow noopener\"> Estados Unidos<\/a><span style=\"font-weight: 400;\">.<\/span><\/p><table style=\"background-color: rgb(255, 255, 255); font-family: Arial; width: 966px; max-width: 100%; margin-bottom: 20px; color: rgb(73, 73, 73); font-size: 14px;\"><tbody><tr style=\"background-color: rgb(249, 249, 249);\"><td style=\"padding: 8px; border-left-color: rgb(236, 236, 236); border-right: none; overflow-wrap: break-word; line-height: 1.42857; border-top-color: rgb(236, 236, 236); border-bottom-color: rgb(236, 236, 236);\"><a href=\"\/en\/\" target=\"_blank\">Visa E1: Emprendimiento como Puerta de Acceso a los Estados Unidos&nbsp;<\/a><br><\/td><\/tr><\/tbody><\/table>\t\t\t\t\t\t\t\t<\/div>\n\t\t\t\t<\/div>\n\t\t\t\t\t<\/div>\n\t\t\t\t<\/div>\n\t\t\t\t<\/div>","protected":false},"excerpt":{"rendered":"<p>Visa E1: Emprendimiento como Puerta de Acceso a los Estados Unidos En Cafecito con Cata, nos enorgullece ser tu gu\u00eda experta en el proceso de reubicaci\u00f3n, emprendimiento y desarrollo profesional en los Estados Unidos. En nuestra p\u00e1gina, exploraremos c\u00f3mo el emprendimiento puede ser una v\u00eda efectiva para obtener la Visa E1, proporcion\u00e1ndote informaci\u00f3n detallada sobre [&hellip;]<\/p>\n","protected":false},"author":1,"featured_media":0,"parent":0,"menu_order":0,"comment_status":"closed","ping_status":"closed","template":"elementor_header_footer","meta":{"footnotes":""},"wf_page_folders":[],"class_list":["post-21155","page","type-page","status-publish","hentry"],"_links":{"self":[{"href":"https:\/\/cafecitoconcata.com\/en\/wp-json\/wp\/v2\/pages\/21155","targetHints":{"allow":["GET"]}}],"collection":[{"href":"https:\/\/cafecitoconcata.com\/en\/wp-json\/wp\/v2\/pages"}],"about":[{"href":"https:\/\/cafecitoconcata.com\/en\/wp-json\/wp\/v2\/types\/page"}],"author":[{"embeddable":true,"href":"https:\/\/cafecitoconcata.com\/en\/wp-json\/wp\/v2\/users\/1"}],"replies":[{"embeddable":true,"href":"https:\/\/cafecitoconcata.com\/en\/wp-json\/wp\/v2\/comments?post=21155"}],"version-history":[{"count":17,"href":"https:\/\/cafecitoconcata.com\/en\/wp-json\/wp\/v2\/pages\/21155\/revisions"}],"predecessor-version":[{"id":23594,"href":"https:\/\/cafecitoconcata.com\/en\/wp-json\/wp\/v2\/pages\/21155\/revisions\/23594"}],"wp:attachment":[{"href":"https:\/\/cafecitoconcata.com\/en\/wp-json\/wp\/v2\/media?parent=21155"}],"wp:term":[{"taxonomy":"wf_page_folders","embeddable":true,"href":"https:\/\/cafecitoconcata.com\/en\/wp-json\/wp\/v2\/wf_page_folders?post=21155"}],"curies":[{"name":"wp","href":"https:\/\/api.w.org\/{rel}","templated":true}]}}