{"id":2171,"date":"2023-05-22T11:30:55","date_gmt":"2023-05-22T11:30:55","guid":{"rendered":"https:\/\/cafecitoconcata.com\/?page_id=2171"},"modified":"2024-10-29T07:33:30","modified_gmt":"2024-10-29T11:33:30","slug":"responsabilidad-social","status":"publish","type":"page","link":"https:\/\/cafecitoconcata.com\/en\/responsabilidad-social\/","title":{"rendered":"Responsabilidad Social"},"content":{"rendered":"<style>.elementor-2171 .elementor-element.elementor-element-f535966 > .elementor-container{max-width:450px;}.elementor-2171 .elementor-element.elementor-element-f535966:not(.elementor-motion-effects-element-type-background), .elementor-2171 .elementor-element.elementor-element-f535966 > .elementor-motion-effects-container > .elementor-motion-effects-layer{background-color:var( --e-global-color-f51a933 );}.elementor-2171 .elementor-element.elementor-element-f535966{transition:background 0.3s, border 0.3s, border-radius 0.3s, box-shadow 0.3s;margin-top:0px;margin-bottom:0px;padding:50px 0px 50px 0px;}.elementor-2171 .elementor-element.elementor-element-f535966 > .elementor-background-overlay{transition:background 0.3s, border-radius 0.3s, opacity 0.3s;}.elementor-2171 .elementor-element.elementor-element-f535966 > .elementor-shape-bottom .elementor-shape-fill{fill:#F3F6F3;}.elementor-2171 .elementor-element.elementor-element-f535966 > .elementor-shape-bottom svg{width:calc(100% + 1.3px);height:89px;}.elementor-bc-flex-widget .elementor-2171 .elementor-element.elementor-element-3d8acb1.elementor-column .elementor-widget-wrap{align-items:center;}.elementor-2171 .elementor-element.elementor-element-3d8acb1.elementor-column.elementor-element[data-element_type=\"column\"] > .elementor-widget-wrap.elementor-element-populated{align-content:center;align-items:center;}.elementor-2171 .elementor-element.elementor-element-3d8acb1.elementor-column > .elementor-widget-wrap{justify-content:center;}.elementor-2171 .elementor-element.elementor-element-3d8acb1 > .elementor-widget-wrap > .elementor-widget:not(.elementor-widget__width-auto):not(.elementor-widget__width-initial):not(:last-child):not(.elementor-absolute){margin-block-end:0px;}.elementor-2171 .elementor-element.elementor-element-3d8acb1 > .elementor-element-populated{padding:0px 30px 0px 30px;}.elementor-2171 .elementor-element.elementor-element-17bc81b{text-align:center;}.elementor-2171 .elementor-element.elementor-element-17bc81b .elementor-heading-title{font-size:30px;font-weight:600;color:#FFFFFF;}.elementor-2171 .elementor-element.elementor-element-17bc81b > .elementor-widget-container{margin:0px 0px 10px 0px;padding:0px 0px 0px 0px;}.elementor-2171 .elementor-element.elementor-element-02c5d75{text-align:center;}.elementor-2171 .elementor-element.elementor-element-02c5d75 .elementor-heading-title{font-size:50px;font-weight:800;color:var( --e-global-color-30b93e6 );}.elementor-2171 .elementor-element.elementor-element-02c5d75 > .elementor-widget-container{padding:5px 5px 5px 5px;background-color:var( --e-global-color-f51a933 );border-style:solid;border-width:4px 4px 4px 4px;border-color:var( --e-global-color-7fcf9ad );border-radius:15px 15px 15px 15px;}.elementor-2171 .elementor-element.elementor-element-0982d87{--display:flex;--flex-direction:row;--container-widget-width:calc( ( 1 - var( --container-widget-flex-grow ) ) * 100% );--container-widget-height:100%;--container-widget-flex-grow:1;--container-widget-align-self:stretch;--flex-wrap-mobile:wrap;--align-items:stretch;--gap:0px 0px;--row-gap:0px;--column-gap:0px;border-style:none;--border-style:none;--padding-top:30px;--padding-bottom:80px;--padding-left:0px;--padding-right:0px;}.elementor-2171 .elementor-element.elementor-element-0982d87:not(.elementor-motion-effects-element-type-background), .elementor-2171 .elementor-element.elementor-element-0982d87 > .elementor-motion-effects-container > .elementor-motion-effects-layer{background-color:var( --e-global-color-1b5fdf9 );}.elementor-2171 .elementor-element.elementor-element-7f9c7e4{--display:flex;}.elementor-2171 .elementor-element.elementor-element-7f9c7e4:not(.elementor-motion-effects-element-type-background), .elementor-2171 .elementor-element.elementor-element-7f9c7e4 > .elementor-motion-effects-container > .elementor-motion-effects-layer{background-color:var( --e-global-color-78930f9 );}.elementor-2171 .elementor-element.elementor-element-4012c66{--display:flex;--flex-direction:row;--container-widget-width:calc( ( 1 - var( --container-widget-flex-grow ) ) * 100% );--container-widget-height:100%;--container-widget-flex-grow:1;--container-widget-align-self:stretch;--flex-wrap-mobile:wrap;--align-items:stretch;--gap:10px 10px;--row-gap:10px;--column-gap:10px;}.elementor-2171 .elementor-element.elementor-element-59cde6c{--display:flex;--justify-content:center;}.elementor-2171 .elementor-element.elementor-element-49e99ca img{border-radius:10px 10px 10px 10px;box-shadow:0px 0px 10px 0px rgba(0,0,0,0.5);}.elementor-2171 .elementor-element.elementor-element-9e42ab1{--display:flex;}.elementor-2171 .elementor-element.elementor-element-313355f{--display:flex;--flex-direction:row;--container-widget-width:calc( ( 1 - var( --container-widget-flex-grow ) ) * 100% );--container-widget-height:100%;--container-widget-flex-grow:1;--container-widget-align-self:stretch;--flex-wrap-mobile:wrap;--align-items:stretch;--gap:10px 10px;--row-gap:10px;--column-gap:10px;}.elementor-2171 .elementor-element.elementor-element-e66c6b0{--display:flex;--gap:0px 0px;--row-gap:0px;--column-gap:0px;}.elementor-2171 .elementor-element.elementor-element-c63d162{--divider-border-style:solid;--divider-border-width:2px;}.elementor-2171 .elementor-element.elementor-element-c63d162 .elementor-divider-separator{width:10%;margin:0 auto;margin-center:0;}.elementor-2171 .elementor-element.elementor-element-c63d162 .elementor-divider{text-align:center;padding-block-start:15px;padding-block-end:15px;}.elementor-2171 .elementor-element.elementor-element-679a3c8{--display:flex;--flex-direction:row;--container-widget-width:calc( ( 1 - var( --container-widget-flex-grow ) ) * 100% );--container-widget-height:100%;--container-widget-flex-grow:1;--container-widget-align-self:stretch;--flex-wrap-mobile:wrap;--align-items:stretch;--gap:10px 10px;--row-gap:10px;--column-gap:10px;}.elementor-2171 .elementor-element.elementor-element-c28df6c{--display:flex;}.elementor-2171 .elementor-element.elementor-element-c5e452d{--display:flex;}.elementor-2171 .elementor-element.elementor-element-d131135{--display:flex;--flex-direction:row;--container-widget-width:calc( ( 1 - var( --container-widget-flex-grow ) ) * 100% );--container-widget-height:100%;--container-widget-flex-grow:1;--container-widget-align-self:stretch;--flex-wrap-mobile:wrap;--align-items:stretch;--gap:10px 10px;--row-gap:10px;--column-gap:10px;}.elementor-2171 .elementor-element.elementor-element-6a7a0a0{--display:flex;}.elementor-2171 .elementor-element.elementor-element-95c1558{--display:flex;}body.elementor-page-2171:not(.elementor-motion-effects-element-type-background), body.elementor-page-2171 > .elementor-motion-effects-container > .elementor-motion-effects-layer{background-color:#ffffff;}@media(max-width:1024px){.elementor-2171 .elementor-element.elementor-element-0982d87{--padding-top:0px;--padding-bottom:80px;--padding-left:0px;--padding-right:0px;}}@media(max-width:767px){.elementor-2171 .elementor-element.elementor-element-f535966 > .elementor-shape-bottom svg{height:32px;}.elementor-2171 .elementor-element.elementor-element-f535966{padding:50px 30px 0px 30px;}.elementor-2171 .elementor-element.elementor-element-3d8acb1 > .elementor-element-populated{padding:0px 0px 0px 0px;}.elementor-2171 .elementor-element.elementor-element-17bc81b{text-align:center;}.elementor-2171 .elementor-element.elementor-element-17bc81b .elementor-heading-title{font-size:22px;line-height:1.2em;}.elementor-2171 .elementor-element.elementor-element-02c5d75{text-align:center;}.elementor-2171 .elementor-element.elementor-element-02c5d75 .elementor-heading-title{font-size:27px;line-height:1.2em;}.elementor-2171 .elementor-element.elementor-element-02c5d75 > .elementor-widget-container{border-width:2px 2px 2px 2px;}.elementor-2171 .elementor-element.elementor-element-0982d87{--padding-top:0px;--padding-bottom:64px;--padding-left:0px;--padding-right:0px;}.elementor-2171 .elementor-element.elementor-element-313355f{--margin-top:40px;--margin-bottom:0px;--margin-left:0px;--margin-right:0px;}}@media(min-width:768px){.elementor-2171 .elementor-element.elementor-element-0982d87{--content-width:900px;}}<\/style>\t\t<div data-elementor-type=\"wp-post\" data-elementor-id=\"2171\" class=\"elementor elementor-2171\" data-elementor-post-type=\"page\">\n\t\t\t\t\t\t<section class=\"elementor-section elementor-top-section elementor-element elementor-element-f535966 elementor-section-boxed elementor-section-height-default elementor-section-height-default\" data-id=\"f535966\" data-element_type=\"section\" data-e-type=\"section\" data-settings=\"{&quot;background_background&quot;:&quot;classic&quot;,&quot;shape_divider_bottom&quot;:&quot;curve&quot;}\">\n\t\t\t\t\t<div class=\"elementor-shape elementor-shape-bottom\" aria-hidden=\"true\" data-negative=\"false\">\n\t\t\t<svg xmlns=\"http:\/\/www.w3.org\/2000\/svg\" viewBox=\"0 0 1000 100\" preserveAspectRatio=\"none\">\n    <path class=\"elementor-shape-fill\" d=\"M1000,4.3V0H0v4.3C0.9,23.1,126.7,99.2,500,100S1000,22.7,1000,4.3z\"\/>\n<\/svg>\t\t<\/div>\n\t\t\t\t\t<div class=\"elementor-container elementor-column-gap-wider\">\n\t\t\t\t\t<div class=\"elementor-column elementor-col-100 elementor-top-column elementor-element elementor-element-3d8acb1\" data-id=\"3d8acb1\" data-element_type=\"column\" data-e-type=\"column\">\n\t\t\t<div class=\"elementor-widget-wrap elementor-element-populated\">\n\t\t\t\t\t\t<div class=\"elementor-element elementor-element-17bc81b elementor-widget elementor-widget-heading\" data-id=\"17bc81b\" data-element_type=\"widget\" data-e-type=\"widget\" data-widget_type=\"heading.default\">\n\t\t\t\t<div class=\"elementor-widget-container\">\n\t\t\t\t\t<h1 class=\"elementor-heading-title elementor-size-default\">Responsablidad<\/h1>\t\t\t\t<\/div>\n\t\t\t\t<\/div>\n\t\t\t\t<div class=\"elementor-element elementor-element-02c5d75 elementor-widget elementor-widget-heading\" data-id=\"02c5d75\" data-element_type=\"widget\" data-e-type=\"widget\" data-widget_type=\"heading.default\">\n\t\t\t\t<div class=\"elementor-widget-container\">\n\t\t\t\t\t<h2 class=\"elementor-heading-title elementor-size-default\">Social<\/h2>\t\t\t\t<\/div>\n\t\t\t\t<\/div>\n\t\t\t\t\t<\/div>\n\t\t<\/div>\n\t\t\t\t\t<\/div>\n\t\t<\/section>\n\t\t<div class=\"elementor-element elementor-element-0982d87 e-flex e-con-boxed e-con e-parent\" data-id=\"0982d87\" data-element_type=\"container\" data-e-type=\"container\" data-settings=\"{&quot;background_background&quot;:&quot;classic&quot;}\">\n\t\t\t\t\t<div class=\"e-con-inner\">\n\t\t<div class=\"elementor-element elementor-element-7f9c7e4 e-con-full e-flex e-con e-child\" data-id=\"7f9c7e4\" data-element_type=\"container\" data-e-type=\"container\" data-settings=\"{&quot;background_background&quot;:&quot;classic&quot;}\">\n\t\t<div class=\"elementor-element elementor-element-4012c66 e-con-full e-flex e-con e-child\" data-id=\"4012c66\" data-element_type=\"container\" data-e-type=\"container\">\n\t\t<div class=\"elementor-element elementor-element-59cde6c e-con-full e-flex e-con e-child\" data-id=\"59cde6c\" data-element_type=\"container\" data-e-type=\"container\">\n\t\t\t\t<div class=\"elementor-element elementor-element-49e99ca elementor-widget elementor-widget-image\" data-id=\"49e99ca\" data-element_type=\"widget\" data-e-type=\"widget\" data-widget_type=\"image.default\">\n\t\t\t\t<div class=\"elementor-widget-container\">\n\t\t\t\t\t\t\t\t\t\t\t\t\t\t\t<img fetchpriority=\"high\" decoding=\"async\" width=\"267\" height=\"189\" src=\"https:\/\/cafecitoconcata.com\/wp-content\/uploads\/2023\/05\/logo-posada-de-moises.png\" class=\"attachment-large size-large wp-image-2178\" alt=\"Logo Posada de Mois\u00e9s\" \/>\t\t\t\t\t\t\t\t\t\t\t\t\t\t\t<\/div>\n\t\t\t\t<\/div>\n\t\t\t\t<\/div>\n\t\t<div class=\"elementor-element elementor-element-9e42ab1 e-con-full e-flex e-con e-child\" data-id=\"9e42ab1\" data-element_type=\"container\" data-e-type=\"container\">\n\t\t\t\t<div class=\"elementor-element elementor-element-565af30 elementor-widget elementor-widget-text-editor\" data-id=\"565af30\" data-element_type=\"widget\" data-e-type=\"widget\" data-widget_type=\"text-editor.default\">\n\t\t\t\t<div class=\"elementor-widget-container\">\n\t\t\t\t\t\t\t\t\t<div class=\"et_pb_row et_pb_row_0\"><div class=\"et_pb_column et_pb_column_3_5 et_pb_column_1  et_pb_css_mix_blend_mode_passthrough et-last-child\"><div class=\"et_pb_module et_pb_text et_pb_text_1  et_pb_text_align_left et_pb_bg_layout_light\"><div class=\"et_pb_text_inner\"><p>Cuando compras un servicio o producto de Cafecito con Cata, est\u00e1s apoyando causas sociales. Somos una empresa creada con prop\u00f3sito y entendemos que \u201cQuien da con amor, recibe abundante bendici\u00f3n\u201d.<\/p><\/div><\/div><\/div><\/div><div class=\"et_pb_row et_pb_row_1\"><div class=\"et_pb_column et_pb_column_4_4 et_pb_column_2  et_pb_css_mix_blend_mode_passthrough et-last-child\"><div class=\"et_pb_module et_pb_text et_pb_text_2  et_pb_text_align_left et_pb_bg_layout_light\"><div class=\"et_pb_text_inner\"><p>Por ello elegimos y apoyamos a la fundaci\u00f3n La posada de Moises; dedicada a albergar ni\u00f1os en situaci\u00f3n de desplazamiento; ubicada en Medell\u00edn- Colombia; all\u00ed se proporciona a los ni\u00f1os: vivienda, alimentaci\u00f3n, educaci\u00f3n, recreaci\u00f3n, vestuario, salud, atenci\u00f3n psicol\u00f3gica y especialmente mucho amor.<\/p><\/div><\/div><\/div><\/div>\t\t\t\t\t\t\t\t<\/div>\n\t\t\t\t<\/div>\n\t\t\t\t<\/div>\n\t\t\t\t<\/div>\n\t\t<div class=\"elementor-element elementor-element-313355f e-con-full e-flex e-con e-child\" data-id=\"313355f\" data-element_type=\"container\" data-e-type=\"container\">\n\t\t<div class=\"elementor-element elementor-element-e66c6b0 e-con-full e-flex e-con e-child\" data-id=\"e66c6b0\" data-element_type=\"container\" data-e-type=\"container\">\n\t\t\t\t<div class=\"elementor-element elementor-element-c63d162 elementor-widget-divider--view-line elementor-widget elementor-widget-divider\" data-id=\"c63d162\" data-element_type=\"widget\" data-e-type=\"widget\" data-widget_type=\"divider.default\">\n\t\t\t\t<div class=\"elementor-widget-container\">\n\t\t\t\t\t\t\t<div class=\"elementor-divider\">\n\t\t\t<span class=\"elementor-divider-separator\">\n\t\t\t\t\t\t<\/span>\n\t\t<\/div>\n\t\t\t\t\t\t<\/div>\n\t\t\t\t<\/div>\n\t\t\t\t<\/div>\n\t\t\t\t<\/div>\n\t\t<div class=\"elementor-element elementor-element-679a3c8 e-con-full e-flex e-con e-child\" data-id=\"679a3c8\" data-element_type=\"container\" data-e-type=\"container\">\n\t\t<div class=\"elementor-element elementor-element-c28df6c e-con-full e-flex e-con e-child\" data-id=\"c28df6c\" data-element_type=\"container\" data-e-type=\"container\">\n\t\t\t\t<div class=\"elementor-element elementor-element-6e2d079 elementor-widget elementor-widget-image\" data-id=\"6e2d079\" data-element_type=\"widget\" data-e-type=\"widget\" data-widget_type=\"image.default\">\n\t\t\t\t<div class=\"elementor-widget-container\">\n\t\t\t\t\t\t\t\t\t\t\t\t\t\t\t<img decoding=\"async\" width=\"800\" height=\"800\" src=\"https:\/\/cafecitoconcata.com\/wp-content\/uploads\/2023\/05\/fundacion-posada-Moises-1-1024x1024.jpg\" class=\"attachment-large size-large wp-image-2174\" alt=\"Posada de Mois\u00e9s 1\" srcset=\"https:\/\/cafecitoconcata.com\/wp-content\/uploads\/2023\/05\/fundacion-posada-Moises-1-1024x1024.jpg 1024w, https:\/\/cafecitoconcata.com\/wp-content\/uploads\/2023\/05\/fundacion-posada-Moises-1-300x300.jpg 300w, https:\/\/cafecitoconcata.com\/wp-content\/uploads\/2023\/05\/fundacion-posada-Moises-1-150x150.jpg 150w, https:\/\/cafecitoconcata.com\/wp-content\/uploads\/2023\/05\/fundacion-posada-Moises-1-768x768.jpg 768w, https:\/\/cafecitoconcata.com\/wp-content\/uploads\/2023\/05\/fundacion-posada-Moises-1.jpg 1440w\" sizes=\"(max-width: 800px) 100vw, 800px\" \/>\t\t\t\t\t\t\t\t\t\t\t\t\t\t\t<\/div>\n\t\t\t\t<\/div>\n\t\t\t\t<\/div>\n\t\t<div class=\"elementor-element elementor-element-c5e452d e-con-full e-flex e-con e-child\" data-id=\"c5e452d\" data-element_type=\"container\" data-e-type=\"container\">\n\t\t\t\t<div class=\"elementor-element elementor-element-b806042 elementor-widget elementor-widget-image\" data-id=\"b806042\" data-element_type=\"widget\" data-e-type=\"widget\" data-widget_type=\"image.default\">\n\t\t\t\t<div class=\"elementor-widget-container\">\n\t\t\t\t\t\t\t\t\t\t\t\t\t\t\t<img decoding=\"async\" width=\"800\" height=\"800\" src=\"https:\/\/cafecitoconcata.com\/wp-content\/uploads\/2023\/05\/fundacion-posada-Moises-2-1024x1024.jpg\" class=\"attachment-large size-large wp-image-2175\" alt=\"Posada de Mois\u00e9s 2\" srcset=\"https:\/\/cafecitoconcata.com\/wp-content\/uploads\/2023\/05\/fundacion-posada-Moises-2-1024x1024.jpg 1024w, https:\/\/cafecitoconcata.com\/wp-content\/uploads\/2023\/05\/fundacion-posada-Moises-2-300x300.jpg 300w, https:\/\/cafecitoconcata.com\/wp-content\/uploads\/2023\/05\/fundacion-posada-Moises-2-150x150.jpg 150w, https:\/\/cafecitoconcata.com\/wp-content\/uploads\/2023\/05\/fundacion-posada-Moises-2-768x768.jpg 768w, https:\/\/cafecitoconcata.com\/wp-content\/uploads\/2023\/05\/fundacion-posada-Moises-2.jpg 1440w\" sizes=\"(max-width: 800px) 100vw, 800px\" \/>\t\t\t\t\t\t\t\t\t\t\t\t\t\t\t<\/div>\n\t\t\t\t<\/div>\n\t\t\t\t<\/div>\n\t\t\t\t<\/div>\n\t\t<div class=\"elementor-element elementor-element-d131135 e-con-full e-flex e-con e-child\" data-id=\"d131135\" data-element_type=\"container\" data-e-type=\"container\">\n\t\t<div class=\"elementor-element elementor-element-6a7a0a0 e-con-full e-flex e-con e-child\" data-id=\"6a7a0a0\" data-element_type=\"container\" data-e-type=\"container\">\n\t\t\t\t<div class=\"elementor-element elementor-element-3955ef0 elementor-widget elementor-widget-image\" data-id=\"3955ef0\" data-element_type=\"widget\" data-e-type=\"widget\" data-widget_type=\"image.default\">\n\t\t\t\t<div class=\"elementor-widget-container\">\n\t\t\t\t\t\t\t\t\t\t\t\t\t\t\t<img loading=\"lazy\" decoding=\"async\" width=\"800\" height=\"533\" src=\"https:\/\/cafecitoconcata.com\/wp-content\/uploads\/2023\/05\/fundacion-posada-Moises-3-1024x682.jpg\" class=\"attachment-large size-large wp-image-2176\" alt=\"Posada de Mois\u00e9s 3\" srcset=\"https:\/\/cafecitoconcata.com\/wp-content\/uploads\/2023\/05\/fundacion-posada-Moises-3-1024x682.jpg 1024w, https:\/\/cafecitoconcata.com\/wp-content\/uploads\/2023\/05\/fundacion-posada-Moises-3-300x200.jpg 300w, https:\/\/cafecitoconcata.com\/wp-content\/uploads\/2023\/05\/fundacion-posada-Moises-3-768x512.jpg 768w, https:\/\/cafecitoconcata.com\/wp-content\/uploads\/2023\/05\/fundacion-posada-Moises-3.jpg 1280w\" sizes=\"(max-width: 800px) 100vw, 800px\" \/>\t\t\t\t\t\t\t\t\t\t\t\t\t\t\t<\/div>\n\t\t\t\t<\/div>\n\t\t\t\t<\/div>\n\t\t<div class=\"elementor-element elementor-element-95c1558 e-con-full e-flex e-con e-child\" data-id=\"95c1558\" data-element_type=\"container\" data-e-type=\"container\">\n\t\t\t\t<div class=\"elementor-element elementor-element-22884d1 elementor-widget elementor-widget-image\" data-id=\"22884d1\" data-element_type=\"widget\" data-e-type=\"widget\" data-widget_type=\"image.default\">\n\t\t\t\t<div class=\"elementor-widget-container\">\n\t\t\t\t\t\t\t\t\t\t\t\t\t\t\t<img loading=\"lazy\" decoding=\"async\" width=\"800\" height=\"533\" src=\"https:\/\/cafecitoconcata.com\/wp-content\/uploads\/2023\/05\/fundacion-posada-Moises-4-1024x682.jpg\" class=\"attachment-large size-large wp-image-2177\" alt=\"Posada de Mois\u00e9s 4\" srcset=\"https:\/\/cafecitoconcata.com\/wp-content\/uploads\/2023\/05\/fundacion-posada-Moises-4-1024x682.jpg 1024w, https:\/\/cafecitoconcata.com\/wp-content\/uploads\/2023\/05\/fundacion-posada-Moises-4-300x200.jpg 300w, https:\/\/cafecitoconcata.com\/wp-content\/uploads\/2023\/05\/fundacion-posada-Moises-4-768x512.jpg 768w, https:\/\/cafecitoconcata.com\/wp-content\/uploads\/2023\/05\/fundacion-posada-Moises-4.jpg 1280w\" sizes=\"(max-width: 800px) 100vw, 800px\" \/>\t\t\t\t\t\t\t\t\t\t\t\t\t\t\t<\/div>\n\t\t\t\t<\/div>\n\t\t\t\t<\/div>\n\t\t\t\t<\/div>\n\t\t\t\t<\/div>\n\t\t\t\t\t<\/div>\n\t\t\t\t<\/div>\n\t\t\t\t<\/div>\n\t\t","protected":false},"excerpt":{"rendered":"<p>Responsablidad Social Cuando compras un servicio o producto de Cafecito con Cata, est\u00e1s apoyando causas sociales. Somos una empresa creada con prop\u00f3sito y entendemos que \u201cQuien da con amor, recibe abundante bendici\u00f3n\u201d. Por ello elegimos y apoyamos a la fundaci\u00f3n La posada de Moises; dedicada a albergar ni\u00f1os en situaci\u00f3n de desplazamiento; ubicada en Medell\u00edn- [&hellip;]<\/p>\n","protected":false},"author":1,"featured_media":0,"parent":0,"menu_order":0,"comment_status":"closed","ping_status":"closed","template":"elementor_header_footer","meta":{"footnotes":""},"wf_page_folders":[],"class_list":["post-2171","page","type-page","status-publish","hentry"],"_links":{"self":[{"href":"https:\/\/cafecitoconcata.com\/en\/wp-json\/wp\/v2\/pages\/2171","targetHints":{"allow":["GET"]}}],"collection":[{"href":"https:\/\/cafecitoconcata.com\/en\/wp-json\/wp\/v2\/pages"}],"about":[{"href":"https:\/\/cafecitoconcata.com\/en\/wp-json\/wp\/v2\/types\/page"}],"author":[{"embeddable":true,"href":"https:\/\/cafecitoconcata.com\/en\/wp-json\/wp\/v2\/users\/1"}],"replies":[{"embeddable":true,"href":"https:\/\/cafecitoconcata.com\/en\/wp-json\/wp\/v2\/comments?post=2171"}],"version-history":[{"count":23,"href":"https:\/\/cafecitoconcata.com\/en\/wp-json\/wp\/v2\/pages\/2171\/revisions"}],"predecessor-version":[{"id":23526,"href":"https:\/\/cafecitoconcata.com\/en\/wp-json\/wp\/v2\/pages\/2171\/revisions\/23526"}],"wp:attachment":[{"href":"https:\/\/cafecitoconcata.com\/en\/wp-json\/wp\/v2\/media?parent=2171"}],"wp:term":[{"taxonomy":"wf_page_folders","embeddable":true,"href":"https:\/\/cafecitoconcata.com\/en\/wp-json\/wp\/v2\/wf_page_folders?post=2171"}],"curies":[{"name":"wp","href":"https:\/\/api.w.org\/{rel}","templated":true}]}}