{"id":2195,"date":"2023-05-22T11:52:46","date_gmt":"2023-05-22T11:52:46","guid":{"rendered":"https:\/\/cafecitoconcata.com\/?page_id=2195"},"modified":"2024-10-29T07:58:21","modified_gmt":"2024-10-29T11:58:21","slug":"descargo-de-responsabilidad","status":"publish","type":"page","link":"https:\/\/cafecitoconcata.com\/en\/descargo-de-responsabilidad\/","title":{"rendered":"Descargo de responsabilidad"},"content":{"rendered":"<style>.elementor-2195 .elementor-element.elementor-element-f535966 > .elementor-container{max-width:650px;}.elementor-2195 .elementor-element.elementor-element-f535966:not(.elementor-motion-effects-element-type-background), .elementor-2195 .elementor-element.elementor-element-f535966 > .elementor-motion-effects-container > .elementor-motion-effects-layer{background-color:var( --e-global-color-f51a933 );}.elementor-2195 .elementor-element.elementor-element-f535966{transition:background 0.3s, border 0.3s, border-radius 0.3s, box-shadow 0.3s;margin-top:0px;margin-bottom:0px;padding:50px 0px 50px 0px;}.elementor-2195 .elementor-element.elementor-element-f535966 > .elementor-background-overlay{transition:background 0.3s, border-radius 0.3s, opacity 0.3s;}.elementor-2195 .elementor-element.elementor-element-f535966 > .elementor-shape-bottom .elementor-shape-fill{fill:#F3F6F3;}.elementor-2195 .elementor-element.elementor-element-f535966 > .elementor-shape-bottom svg{width:calc(100% + 1.3px);height:89px;}.elementor-bc-flex-widget .elementor-2195 .elementor-element.elementor-element-3d8acb1.elementor-column .elementor-widget-wrap{align-items:center;}.elementor-2195 .elementor-element.elementor-element-3d8acb1.elementor-column.elementor-element[data-element_type=\"column\"] > .elementor-widget-wrap.elementor-element-populated{align-content:center;align-items:center;}.elementor-2195 .elementor-element.elementor-element-3d8acb1.elementor-column > .elementor-widget-wrap{justify-content:center;}.elementor-2195 .elementor-element.elementor-element-3d8acb1 > .elementor-widget-wrap > .elementor-widget:not(.elementor-widget__width-auto):not(.elementor-widget__width-initial):not(:last-child):not(.elementor-absolute){margin-block-end:0px;}.elementor-2195 .elementor-element.elementor-element-3d8acb1 > .elementor-element-populated{padding:0px 30px 0px 30px;}.elementor-2195 .elementor-element.elementor-element-17bc81b{text-align:center;}.elementor-2195 .elementor-element.elementor-element-17bc81b .elementor-heading-title{font-size:30px;font-weight:600;color:#FFFFFF;}.elementor-2195 .elementor-element.elementor-element-17bc81b > .elementor-widget-container{margin:0px 0px 10px 0px;padding:0px 0px 0px 0px;}.elementor-2195 .elementor-element.elementor-element-02c5d75{text-align:center;}.elementor-2195 .elementor-element.elementor-element-02c5d75 .elementor-heading-title{font-size:50px;font-weight:800;color:var( --e-global-color-30b93e6 );}.elementor-2195 .elementor-element.elementor-element-02c5d75 > .elementor-widget-container{padding:5px 5px 5px 5px;background-color:var( --e-global-color-f51a933 );border-style:solid;border-width:4px 4px 4px 4px;border-color:var( --e-global-color-7fcf9ad );border-radius:15px 15px 15px 15px;}.elementor-2195 .elementor-element.elementor-element-4213e3d{--display:flex;--flex-direction:row;--container-widget-width:calc( ( 1 - var( --container-widget-flex-grow ) ) * 100% );--container-widget-height:100%;--container-widget-flex-grow:1;--container-widget-align-self:stretch;--flex-wrap-mobile:wrap;--align-items:stretch;--gap:0px 0px;--row-gap:0px;--column-gap:0px;border-style:none;--border-style:none;--padding-top:30px;--padding-bottom:80px;--padding-left:0px;--padding-right:0px;}.elementor-2195 .elementor-element.elementor-element-4213e3d:not(.elementor-motion-effects-element-type-background), .elementor-2195 .elementor-element.elementor-element-4213e3d > .elementor-motion-effects-container > .elementor-motion-effects-layer{background-color:var( --e-global-color-1b5fdf9 );}.elementor-2195 .elementor-element.elementor-element-d1f0c1a{--display:flex;--margin-top:0px;--margin-bottom:0px;--margin-left:0px;--margin-right:0px;--padding-top:0px;--padding-bottom:0px;--padding-left:0px;--padding-right:0px;}.elementor-2195 .elementor-element.elementor-element-a0e2ac6{--display:flex;--flex-direction:row;--container-widget-width:calc( ( 1 - var( --container-widget-flex-grow ) ) * 100% );--container-widget-height:100%;--container-widget-flex-grow:1;--container-widget-align-self:stretch;--flex-wrap-mobile:wrap;--align-items:stretch;--gap:10px 10px;--row-gap:10px;--column-gap:10px;}.elementor-2195 .elementor-element.elementor-element-61b02e2{--display:flex;--gap:0px 0px;--row-gap:0px;--column-gap:0px;}.elementor-2195 .elementor-element.elementor-element-d9d5a63{--divider-border-style:solid;--divider-color:var( --e-global-color-30b93e6 );--divider-border-width:2px;}.elementor-2195 .elementor-element.elementor-element-d9d5a63 .elementor-divider-separator{width:10%;margin:0 auto;margin-center:0;}.elementor-2195 .elementor-element.elementor-element-d9d5a63 .elementor-divider{text-align:center;padding-block-start:15px;padding-block-end:15px;}.elementor-2195 .elementor-element.elementor-element-8c6bda6{--display:flex;--flex-direction:row;--container-widget-width:calc( ( 1 - var( --container-widget-flex-grow ) ) * 100% );--container-widget-height:100%;--container-widget-flex-grow:1;--container-widget-align-self:stretch;--flex-wrap-mobile:wrap;--align-items:stretch;--gap:20px 20px;--row-gap:20px;--column-gap:20px;--margin-top:0px;--margin-bottom:72px;--margin-left:0px;--margin-right:0px;--padding-top:0px;--padding-bottom:0px;--padding-left:0px;--padding-right:0px;}.elementor-2195 .elementor-element.elementor-element-5806ce1{--display:flex;border-style:none;--border-style:none;--margin-top:0px;--margin-bottom:0px;--margin-left:0px;--margin-right:0px;--padding-top:30px;--padding-bottom:30px;--padding-left:30px;--padding-right:30px;}.elementor-2195 .elementor-element.elementor-element-5806ce1:not(.elementor-motion-effects-element-type-background), .elementor-2195 .elementor-element.elementor-element-5806ce1 > .elementor-motion-effects-container > .elementor-motion-effects-layer{background-color:#FFFFFF;}.elementor-2195 .elementor-element.elementor-element-0708e5a .elementor-heading-title{color:var( --e-global-color-f51a933 );}.elementor-2195 .elementor-element.elementor-element-d23e951{color:var( --e-global-color-text );}.elementor-2195 .elementor-element.elementor-element-821286a .elementor-heading-title{color:var( --e-global-color-f51a933 );}.elementor-2195 .elementor-element.elementor-element-6382066{color:var( --e-global-color-text );width:var( --container-widget-width, 100.119% );max-width:100.119%;--container-widget-width:100.119%;--container-widget-flex-grow:0;}body.elementor-page-2195:not(.elementor-motion-effects-element-type-background), body.elementor-page-2195 > .elementor-motion-effects-container > .elementor-motion-effects-layer{background-color:#ffffff;}@media(min-width:768px){.elementor-2195 .elementor-element.elementor-element-4213e3d{--content-width:900px;}.elementor-2195 .elementor-element.elementor-element-8c6bda6{--width:900px;}}@media(max-width:1024px) and (min-width:768px){.elementor-2195 .elementor-element.elementor-element-5806ce1{--width:100%;}}@media(max-width:1024px){.elementor-2195 .elementor-element.elementor-element-4213e3d{--padding-top:0px;--padding-bottom:80px;--padding-left:0px;--padding-right:0px;}.elementor-2195 .elementor-element.elementor-element-8c6bda6{--margin-top:0px;--margin-bottom:0px;--margin-left:0px;--margin-right:0px;--padding-top:0px;--padding-bottom:0px;--padding-left:0px;--padding-right:0px;}.elementor-2195 .elementor-element.elementor-element-5806ce1{--margin-top:0px;--margin-bottom:0px;--margin-left:0px;--margin-right:0px;--padding-top:0px;--padding-bottom:40px;--padding-left:40px;--padding-right:64px;}}@media(max-width:767px){.elementor-2195 .elementor-element.elementor-element-f535966 > .elementor-shape-bottom svg{height:32px;}.elementor-2195 .elementor-element.elementor-element-f535966{padding:50px 30px 0px 30px;}.elementor-2195 .elementor-element.elementor-element-3d8acb1 > .elementor-element-populated{padding:0px 0px 0px 0px;}.elementor-2195 .elementor-element.elementor-element-17bc81b{text-align:center;}.elementor-2195 .elementor-element.elementor-element-17bc81b .elementor-heading-title{font-size:22px;line-height:1.2em;}.elementor-2195 .elementor-element.elementor-element-02c5d75{text-align:center;}.elementor-2195 .elementor-element.elementor-element-02c5d75 .elementor-heading-title{font-size:27px;line-height:1.2em;}.elementor-2195 .elementor-element.elementor-element-02c5d75 > .elementor-widget-container{border-width:2px 2px 2px 2px;}.elementor-2195 .elementor-element.elementor-element-4213e3d{--padding-top:0px;--padding-bottom:64px;--padding-left:0px;--padding-right:0px;}.elementor-2195 .elementor-element.elementor-element-a0e2ac6{--margin-top:40px;--margin-bottom:0px;--margin-left:0px;--margin-right:0px;}.elementor-2195 .elementor-element.elementor-element-5806ce1{--padding-top:40px;--padding-bottom:30px;--padding-left:30px;--padding-right:30px;}}<\/style>\t\t<div data-elementor-type=\"wp-post\" data-elementor-id=\"2195\" class=\"elementor elementor-2195\" data-elementor-post-type=\"page\">\n\t\t\t\t\t\t<section class=\"elementor-section elementor-top-section elementor-element elementor-element-f535966 elementor-section-boxed elementor-section-height-default elementor-section-height-default\" data-id=\"f535966\" data-element_type=\"section\" data-e-type=\"section\" data-settings=\"{&quot;background_background&quot;:&quot;classic&quot;,&quot;shape_divider_bottom&quot;:&quot;curve&quot;}\">\n\t\t\t\t\t<div class=\"elementor-shape elementor-shape-bottom\" aria-hidden=\"true\" data-negative=\"false\">\n\t\t\t<svg xmlns=\"http:\/\/www.w3.org\/2000\/svg\" viewBox=\"0 0 1000 100\" preserveAspectRatio=\"none\">\n    <path class=\"elementor-shape-fill\" d=\"M1000,4.3V0H0v4.3C0.9,23.1,126.7,99.2,500,100S1000,22.7,1000,4.3z\"\/>\n<\/svg>\t\t<\/div>\n\t\t\t\t\t<div class=\"elementor-container elementor-column-gap-wider\">\n\t\t\t\t\t<div class=\"elementor-column elementor-col-100 elementor-top-column elementor-element elementor-element-3d8acb1\" data-id=\"3d8acb1\" data-element_type=\"column\" data-e-type=\"column\">\n\t\t\t<div class=\"elementor-widget-wrap elementor-element-populated\">\n\t\t\t\t\t\t<div class=\"elementor-element elementor-element-17bc81b elementor-widget elementor-widget-heading\" data-id=\"17bc81b\" data-element_type=\"widget\" data-e-type=\"widget\" data-widget_type=\"heading.default\">\n\t\t\t\t<div class=\"elementor-widget-container\">\n\t\t\t\t\t<h2 class=\"elementor-heading-title elementor-size-default\">Descargo de<\/h2>\t\t\t\t<\/div>\n\t\t\t\t<\/div>\n\t\t\t\t<div class=\"elementor-element elementor-element-02c5d75 elementor-widget elementor-widget-heading\" data-id=\"02c5d75\" data-element_type=\"widget\" data-e-type=\"widget\" data-widget_type=\"heading.default\">\n\t\t\t\t<div class=\"elementor-widget-container\">\n\t\t\t\t\t<h2 class=\"elementor-heading-title elementor-size-default\">Responsabilidad<\/h2>\t\t\t\t<\/div>\n\t\t\t\t<\/div>\n\t\t\t\t\t<\/div>\n\t\t<\/div>\n\t\t\t\t\t<\/div>\n\t\t<\/section>\n\t\t<div class=\"elementor-element elementor-element-4213e3d e-flex e-con-boxed e-con e-parent\" data-id=\"4213e3d\" data-element_type=\"container\" data-e-type=\"container\" data-settings=\"{&quot;background_background&quot;:&quot;classic&quot;}\">\n\t\t\t\t\t<div class=\"e-con-inner\">\n\t\t<div class=\"elementor-element elementor-element-d1f0c1a e-con-full e-flex e-con e-child\" data-id=\"d1f0c1a\" data-element_type=\"container\" data-e-type=\"container\" data-settings=\"{&quot;background_background&quot;:&quot;classic&quot;}\">\n\t\t<div class=\"elementor-element elementor-element-a0e2ac6 e-con-full e-flex e-con e-child\" data-id=\"a0e2ac6\" data-element_type=\"container\" data-e-type=\"container\">\n\t\t<div class=\"elementor-element elementor-element-61b02e2 e-con-full e-flex e-con e-child\" data-id=\"61b02e2\" data-element_type=\"container\" data-e-type=\"container\">\n\t\t\t\t<div class=\"elementor-element elementor-element-d9d5a63 elementor-widget-divider--view-line elementor-widget elementor-widget-divider\" data-id=\"d9d5a63\" data-element_type=\"widget\" data-e-type=\"widget\" data-widget_type=\"divider.default\">\n\t\t\t\t<div class=\"elementor-widget-container\">\n\t\t\t\t\t\t\t<div class=\"elementor-divider\">\n\t\t\t<span class=\"elementor-divider-separator\">\n\t\t\t\t\t\t<\/span>\n\t\t<\/div>\n\t\t\t\t\t\t<\/div>\n\t\t\t\t<\/div>\n\t\t\t\t<\/div>\n\t\t\t\t<\/div>\n\t\t<div class=\"elementor-element elementor-element-8c6bda6 e-con-full e-flex e-con e-child\" data-id=\"8c6bda6\" data-element_type=\"container\" data-e-type=\"container\">\n\t\t<div class=\"elementor-element elementor-element-5806ce1 e-con-full e-flex e-con e-child\" data-id=\"5806ce1\" data-element_type=\"container\" data-e-type=\"container\" data-settings=\"{&quot;background_background&quot;:&quot;classic&quot;}\">\n\t\t\t\t<div class=\"elementor-element elementor-element-0708e5a elementor-widget elementor-widget-heading\" data-id=\"0708e5a\" data-element_type=\"widget\" data-e-type=\"widget\" data-widget_type=\"heading.default\">\n\t\t\t\t<div class=\"elementor-widget-container\">\n\t\t\t\t\t<h4 class=\"elementor-heading-title elementor-size-default\">Descargo de responsabilidad<\/h4>\t\t\t\t<\/div>\n\t\t\t\t<\/div>\n\t\t\t\t<div class=\"elementor-element elementor-element-d23e951 elementor-widget elementor-widget-text-editor\" data-id=\"d23e951\" data-element_type=\"widget\" data-e-type=\"widget\" data-widget_type=\"text-editor.default\">\n\t\t\t\t<div class=\"elementor-widget-container\">\n\t\t\t\t\t\t\t\t\t<p><span style=\"font-style: inherit; font-weight: inherit; color: var(--ast-global-color-3);\">Soy una desarrolladora de negocios, experta en mercadeo, con experiencia y vida en el sistema americano. A partir de mi experiencia personal y conocimientos, ayudo a las personas y empresas que desean emigrar legalmente, vivir, o hacer negocios en los Estados Unidos de Am\u00e9rica, a ejecutar un plan de reubicaci\u00f3n o apertura de negocios de la forma m\u00e1s amigable posible. Doy recomendaciones, ense\u00f1\u00e1ndoles a estas a estructurar un plan que les permita mitigar riesgos y dificultades a la hora de emigrar. pero NO doy consejo migratorio. Coloco a disposici\u00f3n mi red de relacionados y contactos \u2013la cual est\u00e1 constituida por profesionales en diversas \u00e1reas licenciados en EEUU, de alto nivel, experiencia y solvencia \u00e9tica\u2013 para que les atiendan en sus necesidades espec\u00edficas. Los servicios que ofrezco a trav\u00e9s de mi persona y de mi plataforma \u201cCafecito con Cata\u2122, se limitan \u00fanicamente a los ya descritos. Ni mi persona, ni la plataforma \u201cCafecito con Cata\u2122, nos hacemos responsables por la forma, la ejecuci\u00f3n, prestaci\u00f3n de los servicios, o performance de los profesionales que recomiendo o coloco a disposici\u00f3n de las personas y\/o empresas que solicitan mi ayuda<\/span><\/p>\t\t\t\t\t\t\t\t<\/div>\n\t\t\t\t<\/div>\n\t\t\t\t<div class=\"elementor-element elementor-element-821286a elementor-widget elementor-widget-heading\" data-id=\"821286a\" data-element_type=\"widget\" data-e-type=\"widget\" data-widget_type=\"heading.default\">\n\t\t\t\t<div class=\"elementor-widget-container\">\n\t\t\t\t\t<h4 class=\"elementor-heading-title elementor-size-default\">Disclaimer<\/h4>\t\t\t\t<\/div>\n\t\t\t\t<\/div>\n\t\t\t\t<div class=\"elementor-element elementor-element-6382066 elementor-widget__width-initial elementor-widget elementor-widget-text-editor\" data-id=\"6382066\" data-element_type=\"widget\" data-e-type=\"widget\" data-widget_type=\"text-editor.default\">\n\t\t\t\t<div class=\"elementor-widget-container\">\n\t\t\t\t\t\t\t\t\t<p><span style=\"font-style: inherit; font-weight: inherit; color: var(--ast-global-color-3);\">I am a business developer, marketing expert, with experience and living in the American system. From my personal experience and knowledge, I help people and companies who want to legally emigrate, live, or do business in the United States of America, to execute a relocation plan or business opening in the most friendly way possible. I give recommendations, teaching them to structure a plan that allows them to mitigate risks and difficulties when emigrating. but I do NOT give immigration advice. I make my network of related and contacts available \u2013 which is made up of professionals in various areas licensed in the US, of high level, experience and ethical solvency \u2013 so that they can attend to their specific needs. The services that I offer through myself and my platform \u201cCafecito con Cata \u2122, are limited only to those already described. Neither my person, nor the \u201cCafecito con Cata \u2122 platform, are responsible for the form, execution, provision of services, or performance of the professionals that I recommend or make available to the people and \/ or companies that request my help.<\/span><\/p>\t\t\t\t\t\t\t\t<\/div>\n\t\t\t\t<\/div>\n\t\t\t\t<\/div>\n\t\t\t\t<\/div>\n\t\t\t\t<\/div>\n\t\t\t\t\t<\/div>\n\t\t\t\t<\/div>\n\t\t\t\t<\/div>\n\t\t","protected":false},"excerpt":{"rendered":"<p>Descargo de Responsabilidad Descargo de responsabilidad Soy una desarrolladora de negocios, experta en mercadeo, con experiencia y vida en el sistema americano. A partir de mi experiencia personal y conocimientos, ayudo a las personas y empresas que desean emigrar legalmente, vivir, o hacer negocios en los Estados Unidos de Am\u00e9rica, a ejecutar un plan de [&hellip;]<\/p>\n","protected":false},"author":1,"featured_media":0,"parent":0,"menu_order":0,"comment_status":"closed","ping_status":"closed","template":"elementor_header_footer","meta":{"footnotes":""},"wf_page_folders":[],"class_list":["post-2195","page","type-page","status-publish","hentry"],"_links":{"self":[{"href":"https:\/\/cafecitoconcata.com\/en\/wp-json\/wp\/v2\/pages\/2195","targetHints":{"allow":["GET"]}}],"collection":[{"href":"https:\/\/cafecitoconcata.com\/en\/wp-json\/wp\/v2\/pages"}],"about":[{"href":"https:\/\/cafecitoconcata.com\/en\/wp-json\/wp\/v2\/types\/page"}],"author":[{"embeddable":true,"href":"https:\/\/cafecitoconcata.com\/en\/wp-json\/wp\/v2\/users\/1"}],"replies":[{"embeddable":true,"href":"https:\/\/cafecitoconcata.com\/en\/wp-json\/wp\/v2\/comments?post=2195"}],"version-history":[{"count":31,"href":"https:\/\/cafecitoconcata.com\/en\/wp-json\/wp\/v2\/pages\/2195\/revisions"}],"predecessor-version":[{"id":19786,"href":"https:\/\/cafecitoconcata.com\/en\/wp-json\/wp\/v2\/pages\/2195\/revisions\/19786"}],"wp:attachment":[{"href":"https:\/\/cafecitoconcata.com\/en\/wp-json\/wp\/v2\/media?parent=2195"}],"wp:term":[{"taxonomy":"wf_page_folders","embeddable":true,"href":"https:\/\/cafecitoconcata.com\/en\/wp-json\/wp\/v2\/wf_page_folders?post=2195"}],"curies":[{"name":"wp","href":"https:\/\/api.w.org\/{rel}","templated":true}]}}