{"id":24332,"date":"2024-11-28T08:49:26","date_gmt":"2024-11-28T13:49:26","guid":{"rendered":"https:\/\/cafecitoconcata.com\/?page_id=24332"},"modified":"2024-11-29T08:36:51","modified_gmt":"2024-11-29T13:36:51","slug":"realtor-venta-preconstruction-vivienda","status":"publish","type":"page","link":"https:\/\/cafecitoconcata.com\/en\/realtor-venta-preconstruction-vivienda\/","title":{"rendered":"Realtor (Venta PreConstruction Vivienda)"},"content":{"rendered":"<style>.elementor-24332 .elementor-element.elementor-element-23dbcb4a:not(.elementor-motion-effects-element-type-background), .elementor-24332 .elementor-element.elementor-element-23dbcb4a > .elementor-motion-effects-container > .elementor-motion-effects-layer{background-color:transparent;background-image:linear-gradient(158deg, var( --e-global-color-secondary ) 26%, var( --e-global-color-1b5fdf9 ) 100%);}.elementor-24332 .elementor-element.elementor-element-23dbcb4a{transition:background 0.3s, border 0.3s, border-radius 0.3s, box-shadow 0.3s;padding:50px 50px 50px 50px;}.elementor-24332 .elementor-element.elementor-element-23dbcb4a > .elementor-background-overlay{transition:background 0.3s, border-radius 0.3s, opacity 0.3s;}.elementor-bc-flex-widget .elementor-24332 .elementor-element.elementor-element-331007a.elementor-column .elementor-widget-wrap{align-items:center;}.elementor-24332 .elementor-element.elementor-element-331007a.elementor-column.elementor-element[data-element_type=\"column\"] > .elementor-widget-wrap.elementor-element-populated{align-content:center;align-items:center;}.elementor-24332 .elementor-element.elementor-element-e3fd33f .elementor-heading-title{font-family:\"Montserrat\", Sans-serif;font-size:48px;font-weight:700;color:var( --e-global-color-text );}.elementor-24332 .elementor-element.elementor-element-852f0e9 .elementor-heading-title{font-size:21px;line-height:34px;color:var( --e-global-color-text );}.elementor-24332 .elementor-element.elementor-element-15af9109:not(.elementor-motion-effects-element-type-background) > .elementor-widget-wrap, .elementor-24332 .elementor-element.elementor-element-15af9109 > .elementor-widget-wrap > .elementor-motion-effects-container > .elementor-motion-effects-layer{background-color:var( --e-global-color-secondary );}.elementor-24332 .elementor-element.elementor-element-15af9109 > .elementor-element-populated, .elementor-24332 .elementor-element.elementor-element-15af9109 > .elementor-element-populated > .elementor-background-overlay, .elementor-24332 .elementor-element.elementor-element-15af9109 > .elementor-background-slideshow{border-radius:5px 5px 5px 5px;}.elementor-24332 .elementor-element.elementor-element-15af9109 > .elementor-element-populated{box-shadow:0px 0px 10px 0px rgba(0,0,0,0.5);transition:background 0.3s, border 0.3s, border-radius 0.3s, box-shadow 0.3s;margin:10px 10px 10px 10px;--e-column-margin-right:10px;--e-column-margin-left:10px;padding:30px 30px 30px 30px;}.elementor-24332 .elementor-element.elementor-element-15af9109 > .elementor-element-populated > .elementor-background-overlay{transition:background 0.3s, border-radius 0.3s, opacity 0.3s;}.elementor-24332 .elementor-element.elementor-element-61efcb93{text-align:center;}.elementor-24332 .elementor-element.elementor-element-61efcb93 .elementor-heading-title{font-family:\"Montserrat\", Sans-serif;font-size:22px;color:var( --e-global-color-text );}.elementor-24332 .elementor-element.elementor-element-2e6bd3ca{text-align:center;}.elementor-24332 .elementor-element.elementor-element-2e6bd3ca .elementor-heading-title{font-family:\"Montserrat\", Sans-serif;font-size:15px;font-weight:normal;-webkit-text-stroke-color:#000;stroke:#000;color:var( --e-global-color-text );}@media(min-width:768px){.elementor-24332 .elementor-element.elementor-element-331007a{width:53.072%;}.elementor-24332 .elementor-element.elementor-element-311f3ade{width:9.335%;}.elementor-24332 .elementor-element.elementor-element-15af9109{width:37.176%;}}@media(max-width:767px){.elementor-24332 .elementor-element.elementor-element-23dbcb4a{padding:10px 10px 10px 10px;}.elementor-24332 .elementor-element.elementor-element-e3fd33f .elementor-heading-title{font-size:28px;}.elementor-24332 .elementor-element.elementor-element-852f0e9 .elementor-heading-title{font-size:23px;}}<\/style>\t\t<div data-elementor-type=\"wp-page\" data-elementor-id=\"24332\" class=\"elementor elementor-24332\" data-elementor-post-type=\"page\">\n\t\t\t\t\t\t<section class=\"elementor-section elementor-top-section elementor-element elementor-element-23dbcb4a elementor-section-boxed elementor-section-height-default elementor-section-height-default\" data-id=\"23dbcb4a\" data-element_type=\"section\" data-e-type=\"section\" data-settings=\"{&quot;background_background&quot;:&quot;gradient&quot;}\">\n\t\t\t\t\t\t<div class=\"elementor-container elementor-column-gap-default\">\n\t\t\t\t\t<div class=\"elementor-column elementor-col-33 elementor-top-column elementor-element elementor-element-331007a\" data-id=\"331007a\" data-element_type=\"column\" data-e-type=\"column\">\n\t\t\t<div class=\"elementor-widget-wrap elementor-element-populated\">\n\t\t\t\t\t\t<div class=\"elementor-element elementor-element-e3fd33f elementor-widget elementor-widget-heading\" data-id=\"e3fd33f\" data-element_type=\"widget\" data-e-type=\"widget\" data-widget_type=\"heading.default\">\n\t\t\t\t<div class=\"elementor-widget-container\">\n\t\t\t\t\t<h2 class=\"elementor-heading-title elementor-size-default\">Realtor (Venta PreConstruction Vivienda)<\/h2>\t\t\t\t<\/div>\n\t\t\t\t<\/div>\n\t\t\t\t<div class=\"elementor-element elementor-element-852f0e9 elementor-widget elementor-widget-heading\" data-id=\"852f0e9\" data-element_type=\"widget\" data-e-type=\"widget\" data-widget_type=\"heading.default\">\n\t\t\t\t<div class=\"elementor-widget-container\">\n\t\t\t\t\t<h2 class=\"elementor-heading-title elementor-size-default\">Aprovecha las oportunidades de compra en proyectos de vivienda en construcci\u00f3n. Obt\u00e9n asesor\u00eda especializada para hacer una inversi\u00f3n inteligente.<\/h2>\t\t\t\t<\/div>\n\t\t\t\t<\/div>\n\t\t\t\t\t<\/div>\n\t\t<\/div>\n\t\t\t\t<div class=\"elementor-column elementor-col-33 elementor-top-column elementor-element elementor-element-311f3ade\" data-id=\"311f3ade\" data-element_type=\"column\" data-e-type=\"column\">\n\t\t\t<div class=\"elementor-widget-wrap\">\n\t\t\t\t\t\t\t<\/div>\n\t\t<\/div>\n\t\t\t\t<div class=\"elementor-column elementor-col-33 elementor-top-column elementor-element elementor-element-15af9109\" data-id=\"15af9109\" data-element_type=\"column\" data-e-type=\"column\" data-settings=\"{&quot;background_background&quot;:&quot;classic&quot;}\">\n\t\t\t<div class=\"elementor-widget-wrap elementor-element-populated\">\n\t\t\t\t\t\t<div class=\"elementor-element elementor-element-61efcb93 elementor-widget elementor-widget-heading\" data-id=\"61efcb93\" data-element_type=\"widget\" data-e-type=\"widget\" data-widget_type=\"heading.default\">\n\t\t\t\t<div class=\"elementor-widget-container\">\n\t\t\t\t\t<h4 class=\"elementor-heading-title elementor-size-default\">D\u00e9ja tus datos en el siguiente formulario<\/h4>\t\t\t\t<\/div>\n\t\t\t\t<\/div>\n\t\t\t\t<div class=\"elementor-element elementor-element-2e6bd3ca elementor-widget elementor-widget-heading\" data-id=\"2e6bd3ca\" data-element_type=\"widget\" data-e-type=\"widget\" data-widget_type=\"heading.default\">\n\t\t\t\t<div class=\"elementor-widget-container\">\n\t\t\t\t\t<h4 class=\"elementor-heading-title elementor-size-default\">para contactarte por whatsApp con nuestros aliados y recibir resolver tus dudas<\/h4>\t\t\t\t<\/div>\n\t\t\t\t<\/div>\n\t\t\t\t<div class=\"elementor-element elementor-element-e14f3d3 elementor-widget elementor-widget-html\" data-id=\"e14f3d3\" data-element_type=\"widget\" data-e-type=\"widget\" data-widget_type=\"html.default\">\n\t\t\t\t<div class=\"elementor-widget-container\">\n\t\t\t\t\t<script type=\"text\/javascript\" src=\"https:\/\/api.clientify.net\/web-marketing\/superforms\/script\/217012.js\"><\/script>\t\t\t\t<\/div>\n\t\t\t\t<\/div>\n\t\t\t\t\t<\/div>\n\t\t<\/div>\n\t\t\t\t\t<\/div>\n\t\t<\/section>\n\t\t\t\t<\/div>\n\t\t","protected":false},"excerpt":{"rendered":"<p>Realtor (Venta PreConstruction Vivienda) Aprovecha las oportunidades de compra en proyectos de vivienda en construcci\u00f3n. Obt\u00e9n asesor\u00eda especializada para hacer una inversi\u00f3n inteligente. D\u00e9ja tus datos en el siguiente formulario para contactarte por whatsApp con nuestros aliados y recibir resolver tus dudas<\/p>","protected":false},"author":13,"featured_media":0,"parent":0,"menu_order":0,"comment_status":"closed","ping_status":"closed","template":"elementor_header_footer","meta":{"footnotes":""},"wf_page_folders":[83],"class_list":["post-24332","page","type-page","status-publish","hentry"],"_links":{"self":[{"href":"https:\/\/cafecitoconcata.com\/en\/wp-json\/wp\/v2\/pages\/24332","targetHints":{"allow":["GET"]}}],"collection":[{"href":"https:\/\/cafecitoconcata.com\/en\/wp-json\/wp\/v2\/pages"}],"about":[{"href":"https:\/\/cafecitoconcata.com\/en\/wp-json\/wp\/v2\/types\/page"}],"author":[{"embeddable":true,"href":"https:\/\/cafecitoconcata.com\/en\/wp-json\/wp\/v2\/users\/13"}],"replies":[{"embeddable":true,"href":"https:\/\/cafecitoconcata.com\/en\/wp-json\/wp\/v2\/comments?post=24332"}],"version-history":[{"count":4,"href":"https:\/\/cafecitoconcata.com\/en\/wp-json\/wp\/v2\/pages\/24332\/revisions"}],"predecessor-version":[{"id":24340,"href":"https:\/\/cafecitoconcata.com\/en\/wp-json\/wp\/v2\/pages\/24332\/revisions\/24340"}],"wp:attachment":[{"href":"https:\/\/cafecitoconcata.com\/en\/wp-json\/wp\/v2\/media?parent=24332"}],"wp:term":[{"taxonomy":"wf_page_folders","embeddable":true,"href":"https:\/\/cafecitoconcata.com\/en\/wp-json\/wp\/v2\/wf_page_folders?post=24332"}],"curies":[{"name":"wp","href":"https:\/\/api.w.org\/{rel}","templated":true}]}}