{"id":2518,"date":"2023-05-29T13:11:40","date_gmt":"2023-05-29T13:11:40","guid":{"rendered":"https:\/\/cafecitoconcata.com\/?page_id=2518"},"modified":"2024-10-29T07:32:36","modified_gmt":"2024-10-29T11:32:36","slug":"llamada-gracias","status":"publish","type":"page","link":"https:\/\/cafecitoconcata.com\/en\/llamada-gracias\/","title":{"rendered":"Llamada &#8211; Gracias"},"content":{"rendered":"<style>.elementor-2518 .elementor-element.elementor-element-f535966 > .elementor-container{max-width:650px;}.elementor-2518 .elementor-element.elementor-element-f535966:not(.elementor-motion-effects-element-type-background), .elementor-2518 .elementor-element.elementor-element-f535966 > .elementor-motion-effects-container > .elementor-motion-effects-layer{background-color:var( --e-global-color-f51a933 );}.elementor-2518 .elementor-element.elementor-element-f535966{transition:background 0.3s, border 0.3s, border-radius 0.3s, box-shadow 0.3s;margin-top:0px;margin-bottom:0px;padding:50px 0px 50px 0px;}.elementor-2518 .elementor-element.elementor-element-f535966 > .elementor-shape-bottom .elementor-shape-fill{fill:var( --e-global-color-1b5fdf9 );}.elementor-2518 .elementor-element.elementor-element-f535966 > .elementor-shape-bottom svg{width:calc(100% + 1.3px);height:89px;}.elementor-bc-flex-widget .elementor-2518 .elementor-element.elementor-element-3d8acb1.elementor-column .elementor-widget-wrap{align-items:center;}.elementor-2518 .elementor-element.elementor-element-3d8acb1.elementor-column.elementor-element[data-element_type=\"column\"] > .elementor-widget-wrap.elementor-element-populated{align-content:center;align-items:center;}.elementor-2518 .elementor-element.elementor-element-3d8acb1.elementor-column > .elementor-widget-wrap{justify-content:center;}.elementor-2518 .elementor-element.elementor-element-3d8acb1 > .elementor-widget-wrap > .elementor-widget:not(.elementor-widget__width-auto):not(.elementor-widget__width-initial):not(:last-child):not(.elementor-absolute){margin-block-end:0px;}.elementor-2518 .elementor-element.elementor-element-3d8acb1 > .elementor-element-populated{padding:0px 30px 0px 30px;}.elementor-2518 .elementor-element.elementor-element-17bc81b{text-align:center;}.elementor-2518 .elementor-element.elementor-element-17bc81b .elementor-heading-title{font-size:30px;font-weight:600;color:#FFFFFF;}.elementor-2518 .elementor-element.elementor-element-17bc81b > .elementor-widget-container{margin:0px 0px 10px 0px;padding:0px 0px 0px 0px;}.elementor-2518 .elementor-element.elementor-element-02c5d75{text-align:center;}.elementor-2518 .elementor-element.elementor-element-02c5d75 .elementor-heading-title{font-size:50px;font-weight:800;color:#FF7272;}.elementor-2518 .elementor-element.elementor-element-02c5d75 > .elementor-widget-container{padding:5px 5px 5px 5px;background-color:var( --e-global-color-f51a933 );border-style:solid;border-width:4px 4px 4px 4px;border-color:var( --e-global-color-7fcf9ad );border-radius:15px 15px 15px 15px;}.elementor-2518 .elementor-element.elementor-element-1c07831:not(.elementor-motion-effects-element-type-background), .elementor-2518 .elementor-element.elementor-element-1c07831 > .elementor-motion-effects-container > .elementor-motion-effects-layer{background-color:var( --e-global-color-1b5fdf9 );}.elementor-2518 .elementor-element.elementor-element-1c07831{border-style:none;transition:background 0.3s, border 0.3s, border-radius 0.3s, box-shadow 0.3s;padding:30px 0px 40px 0px;}.elementor-2518 .elementor-element.elementor-element-1c07831 > .elementor-background-overlay{transition:background 0.3s, border-radius 0.3s, opacity 0.3s;}.elementor-2518 .elementor-element.elementor-element-779d125 > .elementor-container{max-width:650px;}.elementor-2518 .elementor-element.elementor-element-779d125{transition:background 0.3s, border 0.3s, border-radius 0.3s, box-shadow 0.3s;}.elementor-2518 .elementor-element.elementor-element-779d125 > .elementor-background-overlay{transition:background 0.3s, border-radius 0.3s, opacity 0.3s;}.elementor-2518 .elementor-element.elementor-element-ebcd2ec{text-align:center;}.elementor-2518 .elementor-element.elementor-element-ebcd2ec .elementor-heading-title{color:var( --e-global-color-f51a933 );}.elementor-2518 .elementor-element.elementor-element-ebcd2ec > .elementor-widget-container{margin:0px 0px 0px 0px;}.elementor-2518 .elementor-element.elementor-element-a04adb6{--divider-border-style:solid;--divider-color:var( --e-global-color-30b93e6 );--divider-border-width:2px;}.elementor-2518 .elementor-element.elementor-element-a04adb6 .elementor-divider-separator{width:10%;margin:0 auto;margin-center:0;}.elementor-2518 .elementor-element.elementor-element-a04adb6 .elementor-divider{text-align:center;padding-block-start:15px;padding-block-end:15px;}.elementor-2518 .elementor-element.elementor-element-dac79d2 > .elementor-container > .elementor-column > .elementor-widget-wrap{align-content:center;align-items:center;}.elementor-2518 .elementor-element.elementor-element-dac79d2{margin-top:0px;margin-bottom:72px;}.elementor-bc-flex-widget .elementor-2518 .elementor-element.elementor-element-020b9db.elementor-column .elementor-widget-wrap{align-items:flex-start;}.elementor-2518 .elementor-element.elementor-element-020b9db.elementor-column.elementor-element[data-element_type=\"column\"] > .elementor-widget-wrap.elementor-element-populated{align-content:flex-start;align-items:flex-start;}.elementor-2518 .elementor-element.elementor-element-020b9db:not(.elementor-motion-effects-element-type-background) > .elementor-widget-wrap, .elementor-2518 .elementor-element.elementor-element-020b9db > .elementor-widget-wrap > .elementor-motion-effects-container > .elementor-motion-effects-layer{background-color:var( --e-global-color-f51a933 );}.elementor-2518 .elementor-element.elementor-element-020b9db > .elementor-element-populated{transition:background 0.3s, border 0.3s, border-radius 0.3s, box-shadow 0.3s;padding:40px 40px 40px 40px;}.elementor-2518 .elementor-element.elementor-element-020b9db > .elementor-element-populated > .elementor-background-overlay{transition:background 0.3s, border-radius 0.3s, opacity 0.3s;}.elementor-2518 .elementor-element.elementor-element-8aeaa5b .elementor-wrapper{--video-aspect-ratio:1.77777;}.elementor-2518 .elementor-element.elementor-element-4905654{--grid-template-columns:repeat(0, auto);--icon-size:21px;--grid-column-gap:15px;--grid-row-gap:0px;}.elementor-2518 .elementor-element.elementor-element-4905654 .elementor-widget-container{text-align:center;}.elementor-2518 .elementor-element.elementor-element-4905654 .elementor-social-icon{border-style:none;}.elementor-2518 .elementor-element.elementor-element-4905654 .elementor-icon{border-radius:10px 10px 10px 10px;}.elementor-2518 .elementor-element.elementor-element-4905654 .elementor-social-icon:hover{background-color:var( --e-global-color-d6455cf );}.elementor-2518 .elementor-element.elementor-element-4905654 > .elementor-widget-container{margin:0px 0px 0px 0px;padding:0px 0px 0px 0px;}.elementor-2518 .elementor-element.elementor-element-c32d417 > .elementor-widget-wrap > .elementor-widget:not(.elementor-widget__width-auto):not(.elementor-widget__width-initial):not(:last-child):not(.elementor-absolute){margin-block-end:10px;}.elementor-2518 .elementor-element.elementor-element-c32d417:not(.elementor-motion-effects-element-type-background) > .elementor-widget-wrap, .elementor-2518 .elementor-element.elementor-element-c32d417 > .elementor-widget-wrap > .elementor-motion-effects-container > .elementor-motion-effects-layer{background-color:#FFFFFF;}.elementor-2518 .elementor-element.elementor-element-c32d417 > .elementor-element-populated{border-style:solid;border-width:1px 1px 1px 1px;border-color:var( --e-global-color-f51a933 );transition:background 0.3s, border 0.3s, border-radius 0.3s, box-shadow 0.3s;margin:0px 0px 0px 0px;--e-column-margin-right:0px;--e-column-margin-left:0px;padding:30px 30px 30px 30px;}.elementor-2518 .elementor-element.elementor-element-c32d417 > .elementor-element-populated > .elementor-background-overlay{transition:background 0.3s, border-radius 0.3s, opacity 0.3s;}.elementor-2518 .elementor-element.elementor-element-adf08fd .elementor-icon-box-wrapper{align-items:start;gap:15px;}.elementor-2518 .elementor-element.elementor-element-adf08fd .elementor-icon-box-title{margin-block-end:7px;}.elementor-2518 .elementor-element.elementor-element-adf08fd .elementor-icon-box-title, .elementor-2518 .elementor-element.elementor-element-adf08fd .elementor-icon-box-title a{font-size:23px;font-weight:800;}.elementor-2518 .elementor-element.elementor-element-adf08fd > .elementor-widget-container{margin:0px 0px 20px 0px;}.elementor-2518 .elementor-element.elementor-element-83eaa3e .elementor-icon-box-wrapper{align-items:start;gap:15px;}.elementor-2518 .elementor-element.elementor-element-83eaa3e .elementor-icon-box-title{margin-block-end:7px;}.elementor-2518 .elementor-element.elementor-element-83eaa3e .elementor-icon-box-title, .elementor-2518 .elementor-element.elementor-element-83eaa3e .elementor-icon-box-title a{font-size:23px;font-weight:800;}.elementor-2518 .elementor-element.elementor-element-83eaa3e > .elementor-widget-container{margin:0px 0px 20px 0px;}body.elementor-page-2518:not(.elementor-motion-effects-element-type-background), body.elementor-page-2518 > .elementor-motion-effects-container > .elementor-motion-effects-layer{background-color:#ffffff;}@media(max-width:1024px) and (min-width:768px){.elementor-2518 .elementor-element.elementor-element-020b9db{width:100%;}.elementor-2518 .elementor-element.elementor-element-c32d417{width:100%;}}@media(max-width:1024px){.elementor-2518 .elementor-element.elementor-element-1c07831{padding:0px 0px 80px 0px;}.elementor-2518 .elementor-element.elementor-element-dac79d2{margin-top:0px;margin-bottom:0px;padding:0px 0px 0px 0px;}.elementor-2518 .elementor-element.elementor-element-020b9db > .elementor-element-populated{margin:0px 0px 0px 0px;--e-column-margin-right:0px;--e-column-margin-left:0px;padding:40px 40px 40px 40px;}.elementor-2518 .elementor-element.elementor-element-c32d417 > .elementor-element-populated{margin:0px 0px 0px 0px;--e-column-margin-right:0px;--e-column-margin-left:0px;padding:0px 64px 40px 40px;}}@media(max-width:767px){.elementor-2518 .elementor-element.elementor-element-f535966 > .elementor-shape-bottom svg{height:32px;}.elementor-2518 .elementor-element.elementor-element-f535966{padding:50px 30px 0px 30px;}.elementor-2518 .elementor-element.elementor-element-3d8acb1 > .elementor-element-populated{padding:0px 0px 0px 0px;}.elementor-2518 .elementor-element.elementor-element-17bc81b{text-align:center;}.elementor-2518 .elementor-element.elementor-element-17bc81b .elementor-heading-title{font-size:22px;line-height:1.2em;}.elementor-2518 .elementor-element.elementor-element-02c5d75{text-align:center;}.elementor-2518 .elementor-element.elementor-element-02c5d75 .elementor-heading-title{font-size:27px;line-height:1.2em;}.elementor-2518 .elementor-element.elementor-element-02c5d75 > .elementor-widget-container{border-width:2px 2px 2px 2px;}.elementor-2518 .elementor-element.elementor-element-1c07831{padding:0px 0px 64px 0px;}.elementor-2518 .elementor-element.elementor-element-779d125{margin-top:40px;margin-bottom:0px;}.elementor-2518 .elementor-element.elementor-element-ebcd2ec .elementor-heading-title{font-size:19px;}.elementor-2518 .elementor-element.elementor-element-020b9db > .elementor-element-populated{margin:0px 0px 0px 0px;--e-column-margin-right:0px;--e-column-margin-left:0px;padding:24px 24px 24px 24px;}.elementor-2518 .elementor-element.elementor-element-4905654 > .elementor-widget-container{margin:0px 0px 0px 0px;padding:0px 0px 0px 0px;}.elementor-2518 .elementor-element.elementor-element-c32d417 > .elementor-element-populated{padding:40px 30px 30px 30px;}}<\/style>\t\t<div data-elementor-type=\"wp-post\" data-elementor-id=\"2518\" class=\"elementor elementor-2518\" data-elementor-post-type=\"page\">\n\t\t\t\t\t\t<section class=\"elementor-section elementor-top-section elementor-element elementor-element-f535966 elementor-section-boxed elementor-section-height-default elementor-section-height-default\" data-id=\"f535966\" data-element_type=\"section\" data-e-type=\"section\" data-settings=\"{&quot;background_background&quot;:&quot;classic&quot;,&quot;shape_divider_bottom&quot;:&quot;curve&quot;}\">\n\t\t\t\t\t<div class=\"elementor-shape elementor-shape-bottom\" aria-hidden=\"true\" data-negative=\"false\">\n\t\t\t<svg xmlns=\"http:\/\/www.w3.org\/2000\/svg\" viewBox=\"0 0 1000 100\" preserveAspectRatio=\"none\">\n    <path class=\"elementor-shape-fill\" d=\"M1000,4.3V0H0v4.3C0.9,23.1,126.7,99.2,500,100S1000,22.7,1000,4.3z\"\/>\n<\/svg>\t\t<\/div>\n\t\t\t\t\t<div class=\"elementor-container elementor-column-gap-wider\">\n\t\t\t\t\t<div class=\"elementor-column elementor-col-100 elementor-top-column elementor-element elementor-element-3d8acb1\" data-id=\"3d8acb1\" data-element_type=\"column\" data-e-type=\"column\">\n\t\t\t<div class=\"elementor-widget-wrap elementor-element-populated\">\n\t\t\t\t\t\t<div class=\"elementor-element elementor-element-17bc81b elementor-widget elementor-widget-heading\" data-id=\"17bc81b\" data-element_type=\"widget\" data-e-type=\"widget\" data-widget_type=\"heading.default\">\n\t\t\t\t<div class=\"elementor-widget-container\">\n\t\t\t\t\t<h2 class=\"elementor-heading-title elementor-size-default\">Gracias por aplicar a la llamada<\/h2>\t\t\t\t<\/div>\n\t\t\t\t<\/div>\n\t\t\t\t<div class=\"elementor-element elementor-element-02c5d75 elementor-widget elementor-widget-heading\" data-id=\"02c5d75\" data-element_type=\"widget\" data-e-type=\"widget\" data-widget_type=\"heading.default\">\n\t\t\t\t<div class=\"elementor-widget-container\">\n\t\t\t\t\t<h2 class=\"elementor-heading-title elementor-size-default\">Exploratoria<\/h2>\t\t\t\t<\/div>\n\t\t\t\t<\/div>\n\t\t\t\t\t<\/div>\n\t\t<\/div>\n\t\t\t\t\t<\/div>\n\t\t<\/section>\n\t\t\t\t<section class=\"elementor-section elementor-top-section elementor-element elementor-element-1c07831 elementor-section-boxed elementor-section-height-default elementor-section-height-default\" data-id=\"1c07831\" data-element_type=\"section\" data-e-type=\"section\" data-settings=\"{&quot;background_background&quot;:&quot;classic&quot;}\">\n\t\t\t\t\t\t<div class=\"elementor-container elementor-column-gap-no\">\n\t\t\t\t\t<div class=\"elementor-column elementor-col-100 elementor-top-column elementor-element elementor-element-443a815\" data-id=\"443a815\" data-element_type=\"column\" data-e-type=\"column\">\n\t\t\t<div class=\"elementor-widget-wrap elementor-element-populated\">\n\t\t\t\t\t\t<section class=\"elementor-section elementor-inner-section elementor-element elementor-element-779d125 elementor-section-boxed elementor-section-height-default elementor-section-height-default\" data-id=\"779d125\" data-element_type=\"section\" data-e-type=\"section\" data-settings=\"{&quot;background_background&quot;:&quot;classic&quot;}\">\n\t\t\t\t\t\t<div class=\"elementor-container elementor-column-gap-default\">\n\t\t\t\t\t<div class=\"elementor-column elementor-col-100 elementor-inner-column elementor-element elementor-element-fdebf59\" data-id=\"fdebf59\" data-element_type=\"column\" data-e-type=\"column\">\n\t\t\t<div class=\"elementor-widget-wrap elementor-element-populated\">\n\t\t\t\t\t\t<div class=\"elementor-element elementor-element-ebcd2ec elementor-widget elementor-widget-heading\" data-id=\"ebcd2ec\" data-element_type=\"widget\" data-e-type=\"widget\" data-widget_type=\"heading.default\">\n\t\t\t\t<div class=\"elementor-widget-container\">\n\t\t\t\t\t<h3 class=\"elementor-heading-title elementor-size-default\">Sigue estas recomendaciones:<\/h3>\t\t\t\t<\/div>\n\t\t\t\t<\/div>\n\t\t\t\t<div class=\"elementor-element elementor-element-a04adb6 elementor-widget-divider--view-line elementor-widget elementor-widget-divider\" data-id=\"a04adb6\" data-element_type=\"widget\" data-e-type=\"widget\" data-widget_type=\"divider.default\">\n\t\t\t\t<div class=\"elementor-widget-container\">\n\t\t\t\t\t\t\t<div class=\"elementor-divider\">\n\t\t\t<span class=\"elementor-divider-separator\">\n\t\t\t\t\t\t<\/span>\n\t\t<\/div>\n\t\t\t\t\t\t<\/div>\n\t\t\t\t<\/div>\n\t\t\t\t\t<\/div>\n\t\t<\/div>\n\t\t\t\t\t<\/div>\n\t\t<\/section>\n\t\t\t\t<section class=\"elementor-section elementor-inner-section elementor-element elementor-element-dac79d2 elementor-section-content-middle elementor-reverse-tablet elementor-reverse-mobile elementor-section-boxed elementor-section-height-default elementor-section-height-default\" data-id=\"dac79d2\" data-element_type=\"section\" data-e-type=\"section\">\n\t\t\t\t\t\t<div class=\"elementor-container elementor-column-gap-wide\">\n\t\t\t\t\t<div class=\"elementor-column elementor-col-50 elementor-inner-column elementor-element elementor-element-020b9db\" data-id=\"020b9db\" data-element_type=\"column\" data-e-type=\"column\" data-settings=\"{&quot;background_background&quot;:&quot;classic&quot;}\">\n\t\t\t<div class=\"elementor-widget-wrap elementor-element-populated\">\n\t\t\t\t\t\t<div class=\"elementor-element elementor-element-8aeaa5b elementor-widget elementor-widget-video\" data-id=\"8aeaa5b\" data-element_type=\"widget\" data-e-type=\"widget\" data-settings=\"{&quot;youtube_url&quot;:&quot;https:\\\/\\\/youtu.be\\\/i4R6Yq8KODI&quot;,&quot;video_type&quot;:&quot;youtube&quot;,&quot;controls&quot;:&quot;yes&quot;}\" data-widget_type=\"video.default\">\n\t\t\t\t<div class=\"elementor-widget-container\">\n\t\t\t\t\t\t\t<div class=\"elementor-wrapper elementor-open-inline\">\n\t\t\t<div class=\"elementor-video\"><\/div>\t\t<\/div>\n\t\t\t\t\t\t<\/div>\n\t\t\t\t<\/div>\n\t\t\t\t<div class=\"elementor-element elementor-element-4905654 elementor-shape-square elementor-grid-0 e-grid-align-center elementor-widget elementor-widget-social-icons\" data-id=\"4905654\" data-element_type=\"widget\" data-e-type=\"widget\" data-widget_type=\"social-icons.default\">\n\t\t\t\t<div class=\"elementor-widget-container\">\n\t\t\t\t\t\t\t<div class=\"elementor-social-icons-wrapper elementor-grid\" role=\"list\">\n\t\t\t\t\t\t\t<span class=\"elementor-grid-item\" role=\"listitem\">\n\t\t\t\t\t<a class=\"elementor-icon elementor-social-icon elementor-social-icon-instagram elementor-repeater-item-7j26bma\" href=\"https:\/\/www.instagram.com\/cafecitoconcata\/\" target=\"_blank\" rel=\"noopener\">\n\t\t\t\t\t\t<span class=\"elementor-screen-only\">Instagram<\/span>\n\t\t\t\t\t\t<i aria-hidden=\"true\" class=\"fab fa-instagram\"><\/i>\t\t\t\t\t<\/a>\n\t\t\t\t<\/span>\n\t\t\t\t\t\t\t<span class=\"elementor-grid-item\" role=\"listitem\">\n\t\t\t\t\t<a class=\"elementor-icon elementor-social-icon elementor-social-icon-facebook-f elementor-repeater-item-vun9gup\" href=\"https:\/\/www.facebook.com\/cafecitoconcata\/\" target=\"_blank\" rel=\"noopener\">\n\t\t\t\t\t\t<span class=\"elementor-screen-only\">Facebook-f<\/span>\n\t\t\t\t\t\t<i aria-hidden=\"true\" class=\"fab fa-facebook-f\"><\/i>\t\t\t\t\t<\/a>\n\t\t\t\t<\/span>\n\t\t\t\t\t\t\t<span class=\"elementor-grid-item\" role=\"listitem\">\n\t\t\t\t\t<a class=\"elementor-icon elementor-social-icon elementor-social-icon-youtube elementor-repeater-item-7zunjs5\" href=\"https:\/\/www.youtube.com\/channel\/UCDvifVlxD1WKUbJjIMhSgPQ\/videos\" target=\"_blank\" rel=\"noopener\">\n\t\t\t\t\t\t<span class=\"elementor-screen-only\">Youtube<\/span>\n\t\t\t\t\t\t<i aria-hidden=\"true\" class=\"fab fa-youtube\"><\/i>\t\t\t\t\t<\/a>\n\t\t\t\t<\/span>\n\t\t\t\t\t<\/div>\n\t\t\t\t\t\t<\/div>\n\t\t\t\t<\/div>\n\t\t\t\t\t<\/div>\n\t\t<\/div>\n\t\t\t\t<div class=\"elementor-column elementor-col-50 elementor-inner-column elementor-element elementor-element-c32d417\" data-id=\"c32d417\" data-element_type=\"column\" data-e-type=\"column\" data-settings=\"{&quot;background_background&quot;:&quot;classic&quot;}\">\n\t\t\t<div class=\"elementor-widget-wrap elementor-element-populated\">\n\t\t\t\t\t\t<div class=\"elementor-element elementor-element-adf08fd elementor-position-inline-start elementor-mobile-position-inline-start elementor-view-default elementor-widget elementor-widget-icon-box\" data-id=\"adf08fd\" data-element_type=\"widget\" data-e-type=\"widget\" data-widget_type=\"icon-box.default\">\n\t\t\t\t<div class=\"elementor-widget-container\">\n\t\t\t\t\t\t\t<div class=\"elementor-icon-box-wrapper\">\n\n\t\t\t\t\t\t<div class=\"elementor-icon-box-icon\">\n\t\t\t\t<span  class=\"elementor-icon\">\n\t\t\t\t<i aria-hidden=\"true\" class=\"far fa-check-circle\"><\/i>\t\t\t\t<\/span>\n\t\t\t<\/div>\n\t\t\t\n\t\t\t\t\t\t<div class=\"elementor-icon-box-content\">\n\n\t\t\t\t\t\t\t\t\t<div class=\"elementor-icon-box-title\">\n\t\t\t\t\t\t<span  >\n\t\t\t\t\t\t\tConfirmaci\u00f3n de llamada\t\t\t\t\t\t<\/span>\n\t\t\t\t\t<\/div>\n\t\t\t\t\n\t\t\t\t\t\t\t\t\t<p class=\"elementor-icon-box-description\">\n\t\t\t\t\t\tRevisa tu correo electr\u00f3nico, te hemos enviado el agendamiento de la llamada, recuerda que es muy <b>IMPORTATE<\/b> que separes este espacio en tu agenda. La llamada la realiza una de nuestras asesoras a trav\u00e9s de WhatsApp.\t\t\t\t\t<\/p>\n\t\t\t\t\n\t\t\t<\/div>\n\t\t\t\n\t\t<\/div>\n\t\t\t\t\t\t<\/div>\n\t\t\t\t<\/div>\n\t\t\t\t<div class=\"elementor-element elementor-element-83eaa3e elementor-position-inline-start elementor-mobile-position-inline-start elementor-view-default elementor-widget elementor-widget-icon-box\" data-id=\"83eaa3e\" data-element_type=\"widget\" data-e-type=\"widget\" data-widget_type=\"icon-box.default\">\n\t\t\t\t<div class=\"elementor-widget-container\">\n\t\t\t\t\t\t\t<div class=\"elementor-icon-box-wrapper\">\n\n\t\t\t\t\t\t<div class=\"elementor-icon-box-icon\">\n\t\t\t\t<span  class=\"elementor-icon\">\n\t\t\t\t<i aria-hidden=\"true\" class=\"far fa-check-circle\"><\/i>\t\t\t\t<\/span>\n\t\t\t<\/div>\n\t\t\t\n\t\t\t\t\t\t<div class=\"elementor-icon-box-content\">\n\n\t\t\t\t\t\t\t\t\t<div class=\"elementor-icon-box-title\">\n\t\t\t\t\t\t<span  >\n\t\t\t\t\t\t\tConect\u00e9monos\t\t\t\t\t\t<\/span>\n\t\t\t\t\t<\/div>\n\t\t\t\t\n\t\t\t\t\t\t\t\t\t<p class=\"elementor-icon-box-description\">\n\t\t\t\t\t\tMe encantar\u00eda conectar contigo a trav\u00e9s de mis comunidades, y compartirte m\u00e1s contenido de valor que te ayudar\u00e1 en tu proceso.\t\t\t\t\t<\/p>\n\t\t\t\t\n\t\t\t<\/div>\n\t\t\t\n\t\t<\/div>\n\t\t\t\t\t\t<\/div>\n\t\t\t\t<\/div>\n\t\t\t\t\t<\/div>\n\t\t<\/div>\n\t\t\t\t\t<\/div>\n\t\t<\/section>\n\t\t\t\t\t<\/div>\n\t\t<\/div>\n\t\t\t\t\t<\/div>\n\t\t<\/section>\n\t\t\t\t<\/div>\n\t\t","protected":false},"excerpt":{"rendered":"<p>Gracias por aplicar a la llamada Exploratoria Sigue estas recomendaciones: Gracias agendamiento llamada Watch this video on YouTube Instagram Facebook-f Youtube Confirmaci\u00f3n de llamada Revisa tu correo electr\u00f3nico, te hemos enviado el agendamiento de la llamada, recuerda que es muy IMPORTATE que separes este espacio en tu agenda. La llamada la realiza una de nuestras [&hellip;]<\/p>\n","protected":false},"author":1,"featured_media":0,"parent":0,"menu_order":0,"comment_status":"closed","ping_status":"closed","template":"elementor_header_footer","meta":{"footnotes":""},"wf_page_folders":[],"class_list":["post-2518","page","type-page","status-publish","hentry"],"_links":{"self":[{"href":"https:\/\/cafecitoconcata.com\/en\/wp-json\/wp\/v2\/pages\/2518","targetHints":{"allow":["GET"]}}],"collection":[{"href":"https:\/\/cafecitoconcata.com\/en\/wp-json\/wp\/v2\/pages"}],"about":[{"href":"https:\/\/cafecitoconcata.com\/en\/wp-json\/wp\/v2\/types\/page"}],"author":[{"embeddable":true,"href":"https:\/\/cafecitoconcata.com\/en\/wp-json\/wp\/v2\/users\/1"}],"replies":[{"embeddable":true,"href":"https:\/\/cafecitoconcata.com\/en\/wp-json\/wp\/v2\/comments?post=2518"}],"version-history":[{"count":31,"href":"https:\/\/cafecitoconcata.com\/en\/wp-json\/wp\/v2\/pages\/2518\/revisions"}],"predecessor-version":[{"id":20152,"href":"https:\/\/cafecitoconcata.com\/en\/wp-json\/wp\/v2\/pages\/2518\/revisions\/20152"}],"wp:attachment":[{"href":"https:\/\/cafecitoconcata.com\/en\/wp-json\/wp\/v2\/media?parent=2518"}],"wp:term":[{"taxonomy":"wf_page_folders","embeddable":true,"href":"https:\/\/cafecitoconcata.com\/en\/wp-json\/wp\/v2\/wf_page_folders?post=2518"}],"curies":[{"name":"wp","href":"https:\/\/api.w.org\/{rel}","templated":true}]}}